

{"id":8042,"date":"2025-07-31T07:32:08","date_gmt":"2025-07-31T07:32:08","guid":{"rendered":"https:\/\/dev.contebed.it\/?post_type=product&#038;p=8042"},"modified":"2025-07-31T07:33:52","modified_gmt":"2025-07-31T07:33:52","slug":"byobu","status":"publish","type":"product","link":"https:\/\/dev.contebed.it\/en\/prodotto\/byobu\/","title":{"rendered":"Byobu"},"content":{"rendered":"","protected":false},"excerpt":{"rendered":"<p>Inspired by the traditional Japanese folding screen from which it takes its name, BY\u014cBU is a living area system that reinterprets the concept of the equipped wall with refined restraint, turning the vertical surface into an architectural composition of rhythm, material, and light.<br \/>\nThe graphic rigor of the fluted wood panels, defined by delicate vertical grooves, is complemented by the evocative strength of the central mirrored section: a sequence of reflective elements that expand the space, multiply perspectives, and elegantly frame the antique marble fireplace\u2014a symbolic bridge between historical memory and a contemporary vision of living.<br \/>\nThe composition of BY\u014cBU strikes a perfect balance between solid and void, between the warmth of matte finishes and the vibrancy of reflections. It defines a high-aesthetic storage system that disappears into the wall, only to reveal itself in all its functional complexity. The absence of handles, the modular rhythm, and the continuity of surfaces all contribute to a visual language that is essential yet rich with material and cultural nuance.<br \/>\nFully customizable and seamlessly integrable with other elements in the collection, BY\u014cBU adapts effortlessly to both living and more private spaces, assuming the role of a scenic backdrop or a concealed cabinet\u2014an object that embodies harmony, elegance, and identity within the home.<\/p>\n","protected":false},"featured_media":8047,"template":"","meta":{"inline_featured_image":false},"product_cat":[272],"product_tag":[],"class_list":["post-8042","product","type-product","status-publish","has-post-thumbnail","hentry","product_cat-sistemi-giorno"],"yoast_head":"<!-- This site is optimized with the Yoast SEO plugin v24.8.1 - https:\/\/yoast.com\/wordpress\/plugins\/seo\/ -->\n<title>Byobu - Conte Bed - Italian bed design<\/title>\n<meta name=\"robots\" content=\"index, follow, max-snippet:-1, max-image-preview:large, max-video-preview:-1\" \/>\n<link rel=\"canonical\" href=\"https:\/\/dev.contebed.it\/prodotto\/byobu\/\" \/>\n<meta property=\"og:locale\" content=\"en_US\" \/>\n<meta property=\"og:type\" content=\"article\" \/>\n<meta property=\"og:title\" content=\"Byobu - Conte Bed - Italian bed design\" \/>\n<meta property=\"og:description\" content=\"[:it]Ispirato all\u2019antico paravento giapponese da cui prende il nome, BY\u014cBU \u00e8 un sistema giorno che interpreta il tema della parete attrezzata con raffinata sobriet\u00e0, trasformando la superficie verticale in una composizione architettonica fatta di ritmo, materia e luce. Il rigore grafico dei pannelli in legno cannettato, scanditi da sottili scanalature verticali, incontra la forza evocativa della specchiatura centrale: una sequenza di elementi riflettenti che dilatano lo spazio, moltiplicano le prospettive e incorniciano con naturale eleganza l\u2019antico camino in marmo, ponte ideale tra la memoria storica e l\u2019interpretazione contemporanea dell\u2019abitare. La composizione di BY\u014cBU si sviluppa con equilibrio tra pieni e vuoti, tra opacit\u00e0 calda e riflessi cangianti, definendo un sistema contenitivo ad alta valenza estetica, che scompare nella parete per poi rivelarsi nella sua complessit\u00e0 funzionale. L\u2019assenza di maniglie, l\u2019orizzonte modulare, la continuit\u00e0 delle superfici: tutto contribuisce a un linguaggio visivo essenziale, ma ricco di sottotesti materici e culturali. Estensibile su misura e perfettamente integrabile con altri sistemi della collezione, BY\u014cBU si adatta con disinvoltura sia alla zona giorno che a contesti pi\u00f9 intimi, assumendo il ruolo di fondale scenico o di scrigno segreto, in una casa che racconta storie di armonia e identit\u00e0.[:en]Inspired by the traditional Japanese folding screen from which it takes its name, BY\u014cBU is a living area system that reinterprets the concept of the equipped wall with refined restraint, turning the vertical surface into an architectural composition of rhythm, material, and light. The graphic rigor of the fluted wood panels, defined by delicate vertical grooves, is complemented by the evocative strength of the central mirrored section: a sequence of reflective elements that expand the space, multiply perspectives, and elegantly frame the antique marble fireplace\u2014a symbolic bridge between historical memory and a contemporary vision of living. The composition of BY\u014cBU strikes a perfect balance between solid and void, between the warmth of matte finishes and the vibrancy of reflections. It defines a high-aesthetic storage system that disappears into the wall, only to reveal itself in all its functional complexity. The absence of handles, the modular rhythm, and the continuity of surfaces all contribute to a visual language that is essential yet rich with material and cultural nuance. Fully customizable and seamlessly integrable with other elements in the collection, BY\u014cBU adapts effortlessly to both living and more private spaces, assuming the role of a scenic backdrop or a concealed cabinet\u2014an object that embodies harmony, elegance, and identity within the home.[:]\" \/>\n<meta property=\"og:url\" content=\"https:\/\/dev.contebed.it\/prodotto\/byobu\/\" \/>\n<meta property=\"og:site_name\" content=\"Conte Bed - Italian bed design\" \/>\n<meta property=\"article:modified_time\" content=\"2025-07-31T07:33:52+00:00\" \/>\n<meta property=\"og:image\" content=\"https:\/\/dev.contebed.it\/wp-content\/uploads\/2025\/07\/principale-5.jpg\" \/>\n\t<meta property=\"og:image:width\" content=\"2049\" \/>\n\t<meta property=\"og:image:height\" content=\"1366\" \/>\n\t<meta property=\"og:image:type\" content=\"image\/jpeg\" \/>\n<meta name=\"twitter:card\" content=\"summary_large_image\" \/>\n<meta name=\"twitter:label1\" content=\"Est. reading time\" \/>\n\t<meta name=\"twitter:data1\" content=\"1 minute\" \/>\n<script type=\"application\/ld+json\" class=\"yoast-schema-graph\">{\"@context\":\"https:\/\/schema.org\",\"@graph\":[{\"@type\":\"WebPage\",\"@id\":\"https:\/\/dev.contebed.it\/prodotto\/byobu\/\",\"url\":\"https:\/\/dev.contebed.it\/prodotto\/byobu\/\",\"name\":\"Byobu - Conte Bed - Italian bed design\",\"isPartOf\":{\"@id\":\"https:\/\/dev.contebed.it\/#website\"},\"primaryImageOfPage\":{\"@id\":\"https:\/\/dev.contebed.it\/prodotto\/byobu\/#primaryimage\"},\"image\":{\"@id\":\"https:\/\/dev.contebed.it\/prodotto\/byobu\/#primaryimage\"},\"thumbnailUrl\":\"https:\/\/dev.contebed.it\/wp-content\/uploads\/2025\/07\/principale-5.jpg\",\"datePublished\":\"2025-07-31T07:32:08+00:00\",\"dateModified\":\"2025-07-31T07:33:52+00:00\",\"breadcrumb\":{\"@id\":\"https:\/\/dev.contebed.it\/prodotto\/byobu\/#breadcrumb\"},\"inLanguage\":\"en-US\",\"potentialAction\":[{\"@type\":\"ReadAction\",\"target\":[\"https:\/\/dev.contebed.it\/prodotto\/byobu\/\"]}]},{\"@type\":\"ImageObject\",\"inLanguage\":\"en-US\",\"@id\":\"https:\/\/dev.contebed.it\/prodotto\/byobu\/#primaryimage\",\"url\":\"https:\/\/dev.contebed.it\/wp-content\/uploads\/2025\/07\/principale-5.jpg\",\"contentUrl\":\"https:\/\/dev.contebed.it\/wp-content\/uploads\/2025\/07\/principale-5.jpg\",\"width\":2049,\"height\":1366},{\"@type\":\"BreadcrumbList\",\"@id\":\"https:\/\/dev.contebed.it\/prodotto\/byobu\/#breadcrumb\",\"itemListElement\":[{\"@type\":\"ListItem\",\"position\":1,\"name\":\"Prodotti\",\"item\":\"https:\/\/dev.contebed.it\/shop\/\"},{\"@type\":\"ListItem\",\"position\":2,\"name\":\"Byobu\"}]},{\"@type\":\"WebSite\",\"@id\":\"https:\/\/dev.contebed.it\/#website\",\"url\":\"https:\/\/dev.contebed.it\/\",\"name\":\"Conte Bed - Italian bed design\",\"description\":\"\",\"potentialAction\":[{\"@type\":\"SearchAction\",\"target\":{\"@type\":\"EntryPoint\",\"urlTemplate\":\"https:\/\/dev.contebed.it\/?s={search_term_string}\"},\"query-input\":{\"@type\":\"PropertyValueSpecification\",\"valueRequired\":true,\"valueName\":\"search_term_string\"}}],\"inLanguage\":\"en-US\"}]}<\/script>\n<!-- \/ Yoast SEO plugin. -->","yoast_head_json":{"title":"Byobu - Conte Bed - Italian bed design","robots":{"index":"index","follow":"follow","max-snippet":"max-snippet:-1","max-image-preview":"max-image-preview:large","max-video-preview":"max-video-preview:-1"},"canonical":"https:\/\/dev.contebed.it\/prodotto\/byobu\/","og_locale":"en_US","og_type":"article","og_title":"Byobu - Conte Bed - Italian bed design","og_description":"[:it]Ispirato all\u2019antico paravento giapponese da cui prende il nome, BY\u014cBU \u00e8 un sistema giorno che interpreta il tema della parete attrezzata con raffinata sobriet\u00e0, trasformando la superficie verticale in una composizione architettonica fatta di ritmo, materia e luce. Il rigore grafico dei pannelli in legno cannettato, scanditi da sottili scanalature verticali, incontra la forza evocativa della specchiatura centrale: una sequenza di elementi riflettenti che dilatano lo spazio, moltiplicano le prospettive e incorniciano con naturale eleganza l\u2019antico camino in marmo, ponte ideale tra la memoria storica e l\u2019interpretazione contemporanea dell\u2019abitare. La composizione di BY\u014cBU si sviluppa con equilibrio tra pieni e vuoti, tra opacit\u00e0 calda e riflessi cangianti, definendo un sistema contenitivo ad alta valenza estetica, che scompare nella parete per poi rivelarsi nella sua complessit\u00e0 funzionale. L\u2019assenza di maniglie, l\u2019orizzonte modulare, la continuit\u00e0 delle superfici: tutto contribuisce a un linguaggio visivo essenziale, ma ricco di sottotesti materici e culturali. Estensibile su misura e perfettamente integrabile con altri sistemi della collezione, BY\u014cBU si adatta con disinvoltura sia alla zona giorno che a contesti pi\u00f9 intimi, assumendo il ruolo di fondale scenico o di scrigno segreto, in una casa che racconta storie di armonia e identit\u00e0.[:en]Inspired by the traditional Japanese folding screen from which it takes its name, BY\u014cBU is a living area system that reinterprets the concept of the equipped wall with refined restraint, turning the vertical surface into an architectural composition of rhythm, material, and light. The graphic rigor of the fluted wood panels, defined by delicate vertical grooves, is complemented by the evocative strength of the central mirrored section: a sequence of reflective elements that expand the space, multiply perspectives, and elegantly frame the antique marble fireplace\u2014a symbolic bridge between historical memory and a contemporary vision of living. The composition of BY\u014cBU strikes a perfect balance between solid and void, between the warmth of matte finishes and the vibrancy of reflections. It defines a high-aesthetic storage system that disappears into the wall, only to reveal itself in all its functional complexity. The absence of handles, the modular rhythm, and the continuity of surfaces all contribute to a visual language that is essential yet rich with material and cultural nuance. Fully customizable and seamlessly integrable with other elements in the collection, BY\u014cBU adapts effortlessly to both living and more private spaces, assuming the role of a scenic backdrop or a concealed cabinet\u2014an object that embodies harmony, elegance, and identity within the home.[:]","og_url":"https:\/\/dev.contebed.it\/prodotto\/byobu\/","og_site_name":"Conte Bed - Italian bed design","article_modified_time":"2025-07-31T07:33:52+00:00","og_image":[{"width":2049,"height":1366,"url":"https:\/\/dev.contebed.it\/wp-content\/uploads\/2025\/07\/principale-5.jpg","type":"image\/jpeg"}],"twitter_card":"summary_large_image","twitter_misc":{"Est. reading time":"1 minute"},"schema":{"@context":"https:\/\/schema.org","@graph":[{"@type":"WebPage","@id":"https:\/\/dev.contebed.it\/prodotto\/byobu\/","url":"https:\/\/dev.contebed.it\/prodotto\/byobu\/","name":"Byobu - Conte Bed - Italian bed design","isPartOf":{"@id":"https:\/\/dev.contebed.it\/#website"},"primaryImageOfPage":{"@id":"https:\/\/dev.contebed.it\/prodotto\/byobu\/#primaryimage"},"image":{"@id":"https:\/\/dev.contebed.it\/prodotto\/byobu\/#primaryimage"},"thumbnailUrl":"https:\/\/dev.contebed.it\/wp-content\/uploads\/2025\/07\/principale-5.jpg","datePublished":"2025-07-31T07:32:08+00:00","dateModified":"2025-07-31T07:33:52+00:00","breadcrumb":{"@id":"https:\/\/dev.contebed.it\/prodotto\/byobu\/#breadcrumb"},"inLanguage":"en-US","potentialAction":[{"@type":"ReadAction","target":["https:\/\/dev.contebed.it\/prodotto\/byobu\/"]}]},{"@type":"ImageObject","inLanguage":"en-US","@id":"https:\/\/dev.contebed.it\/prodotto\/byobu\/#primaryimage","url":"https:\/\/dev.contebed.it\/wp-content\/uploads\/2025\/07\/principale-5.jpg","contentUrl":"https:\/\/dev.contebed.it\/wp-content\/uploads\/2025\/07\/principale-5.jpg","width":2049,"height":1366},{"@type":"BreadcrumbList","@id":"https:\/\/dev.contebed.it\/prodotto\/byobu\/#breadcrumb","itemListElement":[{"@type":"ListItem","position":1,"name":"Prodotti","item":"https:\/\/dev.contebed.it\/shop\/"},{"@type":"ListItem","position":2,"name":"Byobu"}]},{"@type":"WebSite","@id":"https:\/\/dev.contebed.it\/#website","url":"https:\/\/dev.contebed.it\/","name":"Conte Bed - Italian bed design","description":"","potentialAction":[{"@type":"SearchAction","target":{"@type":"EntryPoint","urlTemplate":"https:\/\/dev.contebed.it\/?s={search_term_string}"},"query-input":{"@type":"PropertyValueSpecification","valueRequired":true,"valueName":"search_term_string"}}],"inLanguage":"en-US"}]}},"_links":{"self":[{"href":"https:\/\/dev.contebed.it\/en\/wp-json\/wp\/v2\/product\/8042","targetHints":{"allow":["GET"]}}],"collection":[{"href":"https:\/\/dev.contebed.it\/en\/wp-json\/wp\/v2\/product"}],"about":[{"href":"https:\/\/dev.contebed.it\/en\/wp-json\/wp\/v2\/types\/product"}],"wp:featuredmedia":[{"embeddable":true,"href":"https:\/\/dev.contebed.it\/en\/wp-json\/wp\/v2\/media\/8047"}],"wp:attachment":[{"href":"https:\/\/dev.contebed.it\/en\/wp-json\/wp\/v2\/media?parent=8042"}],"wp:term":[{"taxonomy":"product_cat","embeddable":true,"href":"https:\/\/dev.contebed.it\/en\/wp-json\/wp\/v2\/product_cat?post=8042"},{"taxonomy":"product_tag","embeddable":true,"href":"https:\/\/dev.contebed.it\/en\/wp-json\/wp\/v2\/product_tag?post=8042"}],"curies":[{"name":"wp","href":"https:\/\/api.w.org\/{rel}","templated":true}]}}