

{"id":7734,"date":"2025-07-10T14:49:35","date_gmt":"2025-07-10T14:49:35","guid":{"rendered":"https:\/\/dev.contebed.it\/?post_type=product&#038;p=7734"},"modified":"2025-08-04T15:08:24","modified_gmt":"2025-08-04T15:08:24","slug":"bull","status":"publish","type":"product","link":"https:\/\/dev.contebed.it\/en\/prodotto\/bull\/","title":{"rendered":"Bull"},"content":{"rendered":"","protected":false},"excerpt":{"rendered":"<p>Inspired by the aesthetics of Scandinavian design, the Bull chair is a combination of elegance and functionality.<br \/>\nImagining a fluid structure where the wood takes on soft and harmonious shapes, the same is<br \/>\ncomposed of rounded lines, an ergonomic seat that offers comfort and an enveloping backrest.<br \/>\nThe artisanal details such as invisible joints and smooth surfaces, reflect the mastery of the craftsmen specialized in woodworking and linear metal elements. These reinforce the structure giving it stability.<br \/>\nThe two main elements such as the backrest and the rear legs are curved in two different directions that join in the central part creating a sort of ideogram.<\/p>\n","protected":false},"featured_media":7747,"template":"","meta":{"inline_featured_image":false},"product_cat":[257],"product_tag":[],"class_list":["post-7734","product","type-product","status-publish","has-post-thumbnail","hentry","product_cat-sedie"],"yoast_head":"<!-- This site is optimized with the Yoast SEO plugin v24.8.1 - https:\/\/yoast.com\/wordpress\/plugins\/seo\/ -->\n<title>Bull - Conte Bed - Italian bed design<\/title>\n<meta name=\"robots\" content=\"index, follow, max-snippet:-1, max-image-preview:large, max-video-preview:-1\" \/>\n<link rel=\"canonical\" href=\"https:\/\/dev.contebed.it\/prodotto\/bull\/\" \/>\n<meta property=\"og:locale\" content=\"en_US\" \/>\n<meta property=\"og:type\" content=\"article\" \/>\n<meta property=\"og:title\" content=\"Bull - Conte Bed - Italian bed design\" \/>\n<meta property=\"og:description\" content=\"[:it]Ispirata all\u2019estetica del design scandinavo, la sedia Bull \u00e8 una combinazione di eleganza e funzionalit\u00e0. Immaginando una struttura fluida dove il legno assume forme morbide e armoniose, la stessa \u00e8  composta da linee arrotondate, una seduta ergonomica che offre comfort e uno schienale avvolgente.  I dettagli artigianali come giunture invisibili e superfici levigate, riflettono la maestria degli artigiani specializzati nella lavorazione del legno e da elementi lineari in metallo. Questi rafforzano la struttura conferendogli stabilit\u00e0. I due elementi principali come lo schienale e le gambe posteriori sono curvati in due direzioni differenti che unendosi nella parte centrale creano una sorta di ideogramma.[:en]Inspired by the aesthetics of Scandinavian design, the Bull chair is a combination of elegance and functionality. Imagining a fluid structure where the wood takes on soft and harmonious shapes, the same is composed of rounded lines, an ergonomic seat that offers comfort and an enveloping backrest. The artisanal details such as invisible joints and smooth surfaces, reflect the mastery of the craftsmen specialized in woodworking and linear metal elements. These reinforce the structure giving it stability. The two main elements such as the backrest and the rear legs are curved in two different directions that join in the central part creating a sort of ideogram.[:]\" \/>\n<meta property=\"og:url\" content=\"https:\/\/dev.contebed.it\/prodotto\/bull\/\" \/>\n<meta property=\"og:site_name\" content=\"Conte Bed - Italian bed design\" \/>\n<meta property=\"article:modified_time\" content=\"2025-08-04T15:08:24+00:00\" \/>\n<meta property=\"og:image\" content=\"https:\/\/dev.contebed.it\/wp-content\/uploads\/2025\/07\/N1A3285.jpg\" \/>\n\t<meta property=\"og:image:width\" content=\"2560\" \/>\n\t<meta property=\"og:image:height\" content=\"1707\" \/>\n\t<meta property=\"og:image:type\" content=\"image\/jpeg\" \/>\n<meta name=\"twitter:card\" content=\"summary_large_image\" \/>\n<meta name=\"twitter:label1\" content=\"Est. reading time\" \/>\n\t<meta name=\"twitter:data1\" content=\"1 minute\" \/>\n<script type=\"application\/ld+json\" class=\"yoast-schema-graph\">{\"@context\":\"https:\/\/schema.org\",\"@graph\":[{\"@type\":\"WebPage\",\"@id\":\"https:\/\/dev.contebed.it\/prodotto\/bull\/\",\"url\":\"https:\/\/dev.contebed.it\/prodotto\/bull\/\",\"name\":\"Bull - Conte Bed - Italian bed design\",\"isPartOf\":{\"@id\":\"https:\/\/dev.contebed.it\/#website\"},\"primaryImageOfPage\":{\"@id\":\"https:\/\/dev.contebed.it\/prodotto\/bull\/#primaryimage\"},\"image\":{\"@id\":\"https:\/\/dev.contebed.it\/prodotto\/bull\/#primaryimage\"},\"thumbnailUrl\":\"https:\/\/dev.contebed.it\/wp-content\/uploads\/2025\/07\/N1A3285.jpg\",\"datePublished\":\"2025-07-10T14:49:35+00:00\",\"dateModified\":\"2025-08-04T15:08:24+00:00\",\"breadcrumb\":{\"@id\":\"https:\/\/dev.contebed.it\/prodotto\/bull\/#breadcrumb\"},\"inLanguage\":\"en-US\",\"potentialAction\":[{\"@type\":\"ReadAction\",\"target\":[\"https:\/\/dev.contebed.it\/prodotto\/bull\/\"]}]},{\"@type\":\"ImageObject\",\"inLanguage\":\"en-US\",\"@id\":\"https:\/\/dev.contebed.it\/prodotto\/bull\/#primaryimage\",\"url\":\"https:\/\/dev.contebed.it\/wp-content\/uploads\/2025\/07\/N1A3285.jpg\",\"contentUrl\":\"https:\/\/dev.contebed.it\/wp-content\/uploads\/2025\/07\/N1A3285.jpg\",\"width\":2560,\"height\":1707},{\"@type\":\"BreadcrumbList\",\"@id\":\"https:\/\/dev.contebed.it\/prodotto\/bull\/#breadcrumb\",\"itemListElement\":[{\"@type\":\"ListItem\",\"position\":1,\"name\":\"Prodotti\",\"item\":\"https:\/\/dev.contebed.it\/shop\/\"},{\"@type\":\"ListItem\",\"position\":2,\"name\":\"[:it]Bull [:en]Bull[:]\"}]},{\"@type\":\"WebSite\",\"@id\":\"https:\/\/dev.contebed.it\/#website\",\"url\":\"https:\/\/dev.contebed.it\/\",\"name\":\"Conte Bed - Italian bed design\",\"description\":\"\",\"potentialAction\":[{\"@type\":\"SearchAction\",\"target\":{\"@type\":\"EntryPoint\",\"urlTemplate\":\"https:\/\/dev.contebed.it\/?s={search_term_string}\"},\"query-input\":{\"@type\":\"PropertyValueSpecification\",\"valueRequired\":true,\"valueName\":\"search_term_string\"}}],\"inLanguage\":\"en-US\"}]}<\/script>\n<!-- \/ Yoast SEO plugin. -->","yoast_head_json":{"title":"Bull - Conte Bed - Italian bed design","robots":{"index":"index","follow":"follow","max-snippet":"max-snippet:-1","max-image-preview":"max-image-preview:large","max-video-preview":"max-video-preview:-1"},"canonical":"https:\/\/dev.contebed.it\/prodotto\/bull\/","og_locale":"en_US","og_type":"article","og_title":"Bull - Conte Bed - Italian bed design","og_description":"[:it]Ispirata all\u2019estetica del design scandinavo, la sedia Bull \u00e8 una combinazione di eleganza e funzionalit\u00e0. Immaginando una struttura fluida dove il legno assume forme morbide e armoniose, la stessa \u00e8  composta da linee arrotondate, una seduta ergonomica che offre comfort e uno schienale avvolgente.  I dettagli artigianali come giunture invisibili e superfici levigate, riflettono la maestria degli artigiani specializzati nella lavorazione del legno e da elementi lineari in metallo. Questi rafforzano la struttura conferendogli stabilit\u00e0. I due elementi principali come lo schienale e le gambe posteriori sono curvati in due direzioni differenti che unendosi nella parte centrale creano una sorta di ideogramma.[:en]Inspired by the aesthetics of Scandinavian design, the Bull chair is a combination of elegance and functionality. Imagining a fluid structure where the wood takes on soft and harmonious shapes, the same is composed of rounded lines, an ergonomic seat that offers comfort and an enveloping backrest. The artisanal details such as invisible joints and smooth surfaces, reflect the mastery of the craftsmen specialized in woodworking and linear metal elements. These reinforce the structure giving it stability. The two main elements such as the backrest and the rear legs are curved in two different directions that join in the central part creating a sort of ideogram.[:]","og_url":"https:\/\/dev.contebed.it\/prodotto\/bull\/","og_site_name":"Conte Bed - Italian bed design","article_modified_time":"2025-08-04T15:08:24+00:00","og_image":[{"width":2560,"height":1707,"url":"https:\/\/dev.contebed.it\/wp-content\/uploads\/2025\/07\/N1A3285.jpg","type":"image\/jpeg"}],"twitter_card":"summary_large_image","twitter_misc":{"Est. reading time":"1 minute"},"schema":{"@context":"https:\/\/schema.org","@graph":[{"@type":"WebPage","@id":"https:\/\/dev.contebed.it\/prodotto\/bull\/","url":"https:\/\/dev.contebed.it\/prodotto\/bull\/","name":"Bull - Conte Bed - Italian bed design","isPartOf":{"@id":"https:\/\/dev.contebed.it\/#website"},"primaryImageOfPage":{"@id":"https:\/\/dev.contebed.it\/prodotto\/bull\/#primaryimage"},"image":{"@id":"https:\/\/dev.contebed.it\/prodotto\/bull\/#primaryimage"},"thumbnailUrl":"https:\/\/dev.contebed.it\/wp-content\/uploads\/2025\/07\/N1A3285.jpg","datePublished":"2025-07-10T14:49:35+00:00","dateModified":"2025-08-04T15:08:24+00:00","breadcrumb":{"@id":"https:\/\/dev.contebed.it\/prodotto\/bull\/#breadcrumb"},"inLanguage":"en-US","potentialAction":[{"@type":"ReadAction","target":["https:\/\/dev.contebed.it\/prodotto\/bull\/"]}]},{"@type":"ImageObject","inLanguage":"en-US","@id":"https:\/\/dev.contebed.it\/prodotto\/bull\/#primaryimage","url":"https:\/\/dev.contebed.it\/wp-content\/uploads\/2025\/07\/N1A3285.jpg","contentUrl":"https:\/\/dev.contebed.it\/wp-content\/uploads\/2025\/07\/N1A3285.jpg","width":2560,"height":1707},{"@type":"BreadcrumbList","@id":"https:\/\/dev.contebed.it\/prodotto\/bull\/#breadcrumb","itemListElement":[{"@type":"ListItem","position":1,"name":"Prodotti","item":"https:\/\/dev.contebed.it\/shop\/"},{"@type":"ListItem","position":2,"name":"[:it]Bull [:en]Bull[:]"}]},{"@type":"WebSite","@id":"https:\/\/dev.contebed.it\/#website","url":"https:\/\/dev.contebed.it\/","name":"Conte Bed - Italian bed design","description":"","potentialAction":[{"@type":"SearchAction","target":{"@type":"EntryPoint","urlTemplate":"https:\/\/dev.contebed.it\/?s={search_term_string}"},"query-input":{"@type":"PropertyValueSpecification","valueRequired":true,"valueName":"search_term_string"}}],"inLanguage":"en-US"}]}},"_links":{"self":[{"href":"https:\/\/dev.contebed.it\/en\/wp-json\/wp\/v2\/product\/7734","targetHints":{"allow":["GET"]}}],"collection":[{"href":"https:\/\/dev.contebed.it\/en\/wp-json\/wp\/v2\/product"}],"about":[{"href":"https:\/\/dev.contebed.it\/en\/wp-json\/wp\/v2\/types\/product"}],"wp:featuredmedia":[{"embeddable":true,"href":"https:\/\/dev.contebed.it\/en\/wp-json\/wp\/v2\/media\/7747"}],"wp:attachment":[{"href":"https:\/\/dev.contebed.it\/en\/wp-json\/wp\/v2\/media?parent=7734"}],"wp:term":[{"taxonomy":"product_cat","embeddable":true,"href":"https:\/\/dev.contebed.it\/en\/wp-json\/wp\/v2\/product_cat?post=7734"},{"taxonomy":"product_tag","embeddable":true,"href":"https:\/\/dev.contebed.it\/en\/wp-json\/wp\/v2\/product_tag?post=7734"}],"curies":[{"name":"wp","href":"https:\/\/api.w.org\/{rel}","templated":true}]}}