

{"id":7244,"date":"2025-02-20T15:21:55","date_gmt":"2025-02-20T15:21:55","guid":{"rendered":"https:\/\/dev.contebed.it\/?post_type=product&#038;p=7244"},"modified":"2025-03-21T08:56:27","modified_gmt":"2025-03-21T08:56:27","slug":"charade","status":"publish","type":"product","link":"https:\/\/dev.contebed.it\/en\/prodotto\/charade\/","title":{"rendered":"CHARADE"},"content":{"rendered":"","protected":false},"excerpt":{"rendered":"<p>Stanley Donen\u2019s film plays with the multiplicity of appearances, starting from its very title. The same can be said of this multifaceted, multifunctional piece, exuding an imperturbable elegance\u2014much like the film\u2019s effortlessly stylish protagonists, Audrey Hepburn and Cary Grant.<\/p>\n<p><strong>Charade<\/strong> goes far beyond the concept of a simple functional screen that conceals, contains, and displays; it is an object of undeniable charm, a microcosm in itself, capable of conveying a timeless sense of elegance while introducing an element of theatrical exuberance into the home. A vertical stage in our living space, it encloses and safeguards our most personal belongings with care. An intimate, refined, and elegant corner that symbolizes an essential way of living\u2014thoughtful, deliberate, and sophisticated: these are the defining qualities of <strong>Charade<\/strong>.<\/p>\n<p>A simple interplay of vertical panels and a distinctive handcrafted comb-hinge structure enable the sophisticated yet balanced construction of this screen. Combined with a small writing desk, it ensures perfect, self-sufficient stability. The panels are fitted with various functional elements\u2014hooks, rings, trays, shelves\u2014and a large mirror, spectacularly highlighted by soft perimeter lighting, alongside a vertically sliding luminous sphere. These accessories define <strong>Charade\u2019s<\/strong> practical essence, transforming it into a small theatrical scene, where every detail serves a purpose.<\/p>\n<p>The choice to upholster all vertical and horizontal panels entirely in leather, combined with the use of solid wood craftsmanship and refined metal details, reinforces <strong>Charade\u2019s<\/strong> ability to integrate personal, aesthetically striking, and comforting elements into any space.<\/p>\n","protected":false},"featured_media":7282,"template":"","meta":{"inline_featured_image":false},"product_cat":[269],"product_tag":[],"class_list":["post-7244","product","type-product","status-publish","has-post-thumbnail","hentry","product_cat-desk"],"yoast_head":"<!-- This site is optimized with the Yoast SEO plugin v24.8.1 - https:\/\/yoast.com\/wordpress\/plugins\/seo\/ -->\n<title>CHARADE - Conte Bed - Italian bed design<\/title>\n<meta name=\"robots\" content=\"index, follow, max-snippet:-1, max-image-preview:large, max-video-preview:-1\" \/>\n<link rel=\"canonical\" href=\"https:\/\/dev.contebed.it\/prodotto\/charade\/\" \/>\n<meta property=\"og:locale\" content=\"en_US\" \/>\n<meta property=\"og:type\" content=\"article\" \/>\n<meta property=\"og:title\" content=\"CHARADE - Conte Bed - Italian bed design\" \/>\n<meta property=\"og:description\" content=\"[:it]Il film di Stanley\u00a0Donen\u00a0gioca sin dal titolo sulla\u00a0molteplicit\u00e0 delle apparenze. E cos\u00ec si pu\u00f2 dire di questo oggetto poliedrico e polifunzionale, nella sua imperturbabile eleganza. Come elegantissimi erano Audrey Hepburn e Cary Grant, protagonisti della pellicola.  Charade\u00a0va ben oltre il concetto del semplice paravento funzionale che scherma, contiene ed espone: \u00e8 una presenza ricca di fascino, insito gi\u00e0 nel suo microcosmo, capace di trasmettere quel senso\u00a0timeless\u00a0di eleganza e, al contempo, di esuberanza scenica nell\u2019habitat domestico.\u00a0Un piccolo palcoscenico verticale nella nostra vita abitativa, che racchiude e custodisce con amore le cose pi\u00f9 personali. Un angolo intimo, ricercato ed elegante che simboleggia uno stile di vita irrinunciabile, dall\u2019incedere riflessivo e attento: queste, le peculiarit\u00e0\u00a0di\u00a0Charade.  Un semplice gioco di pannelli verticali e un\u2019evidente cerniera artigianale a pettine permettono la sofisticata ed equilibrata costruzione del paravento che, unito al piccolo scrittoio, sottolinea la perfetta e autosufficiente stabilit\u00e0.\u00a0Ai pannelli sono applicati alcuni elementi \u2013 come ganci, anelli, vassoietti, mensole \u2013 e il grande specchio, evidenziato con spettacolarit\u00e0 dalla soffusa luce perimetrale, oltre alla sfera luminosa scorrevole verticalmente; sono gli accessori che determinano le\u00a0valenze operative di\u00a0Charade, una piccola messinscena di attori al nostro servizio.  La scelta di rivestire tutti i pannelli orizzontali e verticali completamente in cuoio, unita alla lavorazione del legno massello e alla presenza di dettagli in metallo, conferiscono a\u00a0Charade\u00a0l\u2019idea di integrare nel proprio ambiente elementi personali e confortevoli dal grande rilievo estetico.[:en]Stanley Donen\u2019s film plays with the multiplicity of appearances, starting from its very title. The same can be said of this multifaceted, multifunctional piece, exuding an imperturbable elegance\u2014much like the film\u2019s effortlessly stylish protagonists, Audrey Hepburn and Cary Grant.  Charade goes far beyond the concept of a simple functional screen that conceals, contains, and displays; it is an object of undeniable charm, a microcosm in itself, capable of conveying a timeless sense of elegance while introducing an element of theatrical exuberance into the home. A vertical stage in our living space, it encloses and safeguards our most personal belongings with care. An intimate, refined, and elegant corner that symbolizes an essential way of living\u2014thoughtful, deliberate, and sophisticated: these are the defining qualities of Charade.  A simple interplay of vertical panels and a distinctive handcrafted comb-hinge structure enable the sophisticated yet balanced construction of this screen. Combined with a small writing desk, it ensures perfect, self-sufficient stability. The panels are fitted with various functional elements\u2014hooks, rings, trays, shelves\u2014and a large mirror, spectacularly highlighted by soft perimeter lighting, alongside a vertically sliding luminous sphere. These accessories define Charade\u2019s practical essence, transforming it into a small theatrical scene, where every detail serves a purpose.  The choice to upholster all vertical and horizontal panels entirely in leather, combined with the use of solid wood craftsmanship and refined metal details, reinforces Charade\u2019s ability to integrate personal, aesthetically striking, and comforting elements into any space.[:]\" \/>\n<meta property=\"og:url\" content=\"https:\/\/dev.contebed.it\/prodotto\/charade\/\" \/>\n<meta property=\"og:site_name\" content=\"Conte Bed - Italian bed design\" \/>\n<meta property=\"article:modified_time\" content=\"2025-03-21T08:56:27+00:00\" \/>\n<meta property=\"og:image\" content=\"https:\/\/dev.contebed.it\/wp-content\/uploads\/2025\/02\/DSF5183-def-Copia-Copia-1-scaled.jpg\" \/>\n\t<meta property=\"og:image:width\" content=\"2048\" \/>\n\t<meta property=\"og:image:height\" content=\"2560\" \/>\n\t<meta property=\"og:image:type\" content=\"image\/jpeg\" \/>\n<meta name=\"twitter:card\" content=\"summary_large_image\" \/>\n<script type=\"application\/ld+json\" class=\"yoast-schema-graph\">{\"@context\":\"https:\/\/schema.org\",\"@graph\":[{\"@type\":\"WebPage\",\"@id\":\"https:\/\/dev.contebed.it\/prodotto\/charade\/\",\"url\":\"https:\/\/dev.contebed.it\/prodotto\/charade\/\",\"name\":\"CHARADE - Conte Bed - Italian bed design\",\"isPartOf\":{\"@id\":\"https:\/\/dev.contebed.it\/#website\"},\"primaryImageOfPage\":{\"@id\":\"https:\/\/dev.contebed.it\/prodotto\/charade\/#primaryimage\"},\"image\":{\"@id\":\"https:\/\/dev.contebed.it\/prodotto\/charade\/#primaryimage\"},\"thumbnailUrl\":\"https:\/\/dev.contebed.it\/wp-content\/uploads\/2025\/02\/DSF5183-def-Copia-Copia-1-scaled.jpg\",\"datePublished\":\"2025-02-20T15:21:55+00:00\",\"dateModified\":\"2025-03-21T08:56:27+00:00\",\"breadcrumb\":{\"@id\":\"https:\/\/dev.contebed.it\/prodotto\/charade\/#breadcrumb\"},\"inLanguage\":\"en-US\",\"potentialAction\":[{\"@type\":\"ReadAction\",\"target\":[\"https:\/\/dev.contebed.it\/prodotto\/charade\/\"]}]},{\"@type\":\"ImageObject\",\"inLanguage\":\"en-US\",\"@id\":\"https:\/\/dev.contebed.it\/prodotto\/charade\/#primaryimage\",\"url\":\"https:\/\/dev.contebed.it\/wp-content\/uploads\/2025\/02\/DSF5183-def-Copia-Copia-1-scaled.jpg\",\"contentUrl\":\"https:\/\/dev.contebed.it\/wp-content\/uploads\/2025\/02\/DSF5183-def-Copia-Copia-1-scaled.jpg\",\"width\":2048,\"height\":2560},{\"@type\":\"BreadcrumbList\",\"@id\":\"https:\/\/dev.contebed.it\/prodotto\/charade\/#breadcrumb\",\"itemListElement\":[{\"@type\":\"ListItem\",\"position\":1,\"name\":\"Prodotti\",\"item\":\"https:\/\/dev.contebed.it\/shop\/\"},{\"@type\":\"ListItem\",\"position\":2,\"name\":\"CHARADE\"}]},{\"@type\":\"WebSite\",\"@id\":\"https:\/\/dev.contebed.it\/#website\",\"url\":\"https:\/\/dev.contebed.it\/\",\"name\":\"Conte Bed - Italian bed design\",\"description\":\"\",\"potentialAction\":[{\"@type\":\"SearchAction\",\"target\":{\"@type\":\"EntryPoint\",\"urlTemplate\":\"https:\/\/dev.contebed.it\/?s={search_term_string}\"},\"query-input\":{\"@type\":\"PropertyValueSpecification\",\"valueRequired\":true,\"valueName\":\"search_term_string\"}}],\"inLanguage\":\"en-US\"}]}<\/script>\n<!-- \/ Yoast SEO plugin. -->","yoast_head_json":{"title":"CHARADE - Conte Bed - Italian bed design","robots":{"index":"index","follow":"follow","max-snippet":"max-snippet:-1","max-image-preview":"max-image-preview:large","max-video-preview":"max-video-preview:-1"},"canonical":"https:\/\/dev.contebed.it\/prodotto\/charade\/","og_locale":"en_US","og_type":"article","og_title":"CHARADE - Conte Bed - Italian bed design","og_description":"[:it]Il film di Stanley\u00a0Donen\u00a0gioca sin dal titolo sulla\u00a0molteplicit\u00e0 delle apparenze. E cos\u00ec si pu\u00f2 dire di questo oggetto poliedrico e polifunzionale, nella sua imperturbabile eleganza. Come elegantissimi erano Audrey Hepburn e Cary Grant, protagonisti della pellicola.  Charade\u00a0va ben oltre il concetto del semplice paravento funzionale che scherma, contiene ed espone: \u00e8 una presenza ricca di fascino, insito gi\u00e0 nel suo microcosmo, capace di trasmettere quel senso\u00a0timeless\u00a0di eleganza e, al contempo, di esuberanza scenica nell\u2019habitat domestico.\u00a0Un piccolo palcoscenico verticale nella nostra vita abitativa, che racchiude e custodisce con amore le cose pi\u00f9 personali. Un angolo intimo, ricercato ed elegante che simboleggia uno stile di vita irrinunciabile, dall\u2019incedere riflessivo e attento: queste, le peculiarit\u00e0\u00a0di\u00a0Charade.  Un semplice gioco di pannelli verticali e un\u2019evidente cerniera artigianale a pettine permettono la sofisticata ed equilibrata costruzione del paravento che, unito al piccolo scrittoio, sottolinea la perfetta e autosufficiente stabilit\u00e0.\u00a0Ai pannelli sono applicati alcuni elementi \u2013 come ganci, anelli, vassoietti, mensole \u2013 e il grande specchio, evidenziato con spettacolarit\u00e0 dalla soffusa luce perimetrale, oltre alla sfera luminosa scorrevole verticalmente; sono gli accessori che determinano le\u00a0valenze operative di\u00a0Charade, una piccola messinscena di attori al nostro servizio.  La scelta di rivestire tutti i pannelli orizzontali e verticali completamente in cuoio, unita alla lavorazione del legno massello e alla presenza di dettagli in metallo, conferiscono a\u00a0Charade\u00a0l\u2019idea di integrare nel proprio ambiente elementi personali e confortevoli dal grande rilievo estetico.[:en]Stanley Donen\u2019s film plays with the multiplicity of appearances, starting from its very title. The same can be said of this multifaceted, multifunctional piece, exuding an imperturbable elegance\u2014much like the film\u2019s effortlessly stylish protagonists, Audrey Hepburn and Cary Grant.  Charade goes far beyond the concept of a simple functional screen that conceals, contains, and displays; it is an object of undeniable charm, a microcosm in itself, capable of conveying a timeless sense of elegance while introducing an element of theatrical exuberance into the home. A vertical stage in our living space, it encloses and safeguards our most personal belongings with care. An intimate, refined, and elegant corner that symbolizes an essential way of living\u2014thoughtful, deliberate, and sophisticated: these are the defining qualities of Charade.  A simple interplay of vertical panels and a distinctive handcrafted comb-hinge structure enable the sophisticated yet balanced construction of this screen. Combined with a small writing desk, it ensures perfect, self-sufficient stability. The panels are fitted with various functional elements\u2014hooks, rings, trays, shelves\u2014and a large mirror, spectacularly highlighted by soft perimeter lighting, alongside a vertically sliding luminous sphere. These accessories define Charade\u2019s practical essence, transforming it into a small theatrical scene, where every detail serves a purpose.  The choice to upholster all vertical and horizontal panels entirely in leather, combined with the use of solid wood craftsmanship and refined metal details, reinforces Charade\u2019s ability to integrate personal, aesthetically striking, and comforting elements into any space.[:]","og_url":"https:\/\/dev.contebed.it\/prodotto\/charade\/","og_site_name":"Conte Bed - Italian bed design","article_modified_time":"2025-03-21T08:56:27+00:00","og_image":[{"width":2048,"height":2560,"url":"https:\/\/dev.contebed.it\/wp-content\/uploads\/2025\/02\/DSF5183-def-Copia-Copia-1-scaled.jpg","type":"image\/jpeg"}],"twitter_card":"summary_large_image","schema":{"@context":"https:\/\/schema.org","@graph":[{"@type":"WebPage","@id":"https:\/\/dev.contebed.it\/prodotto\/charade\/","url":"https:\/\/dev.contebed.it\/prodotto\/charade\/","name":"CHARADE - Conte Bed - Italian bed design","isPartOf":{"@id":"https:\/\/dev.contebed.it\/#website"},"primaryImageOfPage":{"@id":"https:\/\/dev.contebed.it\/prodotto\/charade\/#primaryimage"},"image":{"@id":"https:\/\/dev.contebed.it\/prodotto\/charade\/#primaryimage"},"thumbnailUrl":"https:\/\/dev.contebed.it\/wp-content\/uploads\/2025\/02\/DSF5183-def-Copia-Copia-1-scaled.jpg","datePublished":"2025-02-20T15:21:55+00:00","dateModified":"2025-03-21T08:56:27+00:00","breadcrumb":{"@id":"https:\/\/dev.contebed.it\/prodotto\/charade\/#breadcrumb"},"inLanguage":"en-US","potentialAction":[{"@type":"ReadAction","target":["https:\/\/dev.contebed.it\/prodotto\/charade\/"]}]},{"@type":"ImageObject","inLanguage":"en-US","@id":"https:\/\/dev.contebed.it\/prodotto\/charade\/#primaryimage","url":"https:\/\/dev.contebed.it\/wp-content\/uploads\/2025\/02\/DSF5183-def-Copia-Copia-1-scaled.jpg","contentUrl":"https:\/\/dev.contebed.it\/wp-content\/uploads\/2025\/02\/DSF5183-def-Copia-Copia-1-scaled.jpg","width":2048,"height":2560},{"@type":"BreadcrumbList","@id":"https:\/\/dev.contebed.it\/prodotto\/charade\/#breadcrumb","itemListElement":[{"@type":"ListItem","position":1,"name":"Prodotti","item":"https:\/\/dev.contebed.it\/shop\/"},{"@type":"ListItem","position":2,"name":"CHARADE"}]},{"@type":"WebSite","@id":"https:\/\/dev.contebed.it\/#website","url":"https:\/\/dev.contebed.it\/","name":"Conte Bed - Italian bed design","description":"","potentialAction":[{"@type":"SearchAction","target":{"@type":"EntryPoint","urlTemplate":"https:\/\/dev.contebed.it\/?s={search_term_string}"},"query-input":{"@type":"PropertyValueSpecification","valueRequired":true,"valueName":"search_term_string"}}],"inLanguage":"en-US"}]}},"_links":{"self":[{"href":"https:\/\/dev.contebed.it\/en\/wp-json\/wp\/v2\/product\/7244","targetHints":{"allow":["GET"]}}],"collection":[{"href":"https:\/\/dev.contebed.it\/en\/wp-json\/wp\/v2\/product"}],"about":[{"href":"https:\/\/dev.contebed.it\/en\/wp-json\/wp\/v2\/types\/product"}],"wp:featuredmedia":[{"embeddable":true,"href":"https:\/\/dev.contebed.it\/en\/wp-json\/wp\/v2\/media\/7282"}],"wp:attachment":[{"href":"https:\/\/dev.contebed.it\/en\/wp-json\/wp\/v2\/media?parent=7244"}],"wp:term":[{"taxonomy":"product_cat","embeddable":true,"href":"https:\/\/dev.contebed.it\/en\/wp-json\/wp\/v2\/product_cat?post=7244"},{"taxonomy":"product_tag","embeddable":true,"href":"https:\/\/dev.contebed.it\/en\/wp-json\/wp\/v2\/product_tag?post=7244"}],"curies":[{"name":"wp","href":"https:\/\/api.w.org\/{rel}","templated":true}]}}