

{"id":7143,"date":"2018-10-13T09:48:45","date_gmt":"2018-10-13T09:48:45","guid":{"rendered":"https:\/\/dev.contebed.it\/?post_type=product&#038;p=7143"},"modified":"2025-03-21T09:34:39","modified_gmt":"2025-03-21T09:34:39","slug":"victor-2","status":"publish","type":"product","link":"https:\/\/dev.contebed.it\/en\/prodotto\/victor-2\/","title":{"rendered":"VICTOR"},"content":{"rendered":"","protected":false},"excerpt":{"rendered":"<p>The <strong>Victor Bed<\/strong> is a perfect synthesis of elegance and functionality, designed for those who seek a versatile yet refined furnishing piece. Available in two versions\u2014one with a <strong>15 cm bed frame<\/strong> and a sleek wooden base for a light, airy look, and another with a <strong>25 cm bed frame<\/strong> featuring an integrated storage compartment\u2014<strong>Victor<\/strong> adapts to different space and practicality needs without ever compromising on aesthetics.<\/p>\n<p>The <strong>headboard<\/strong>, available in both smooth and quilted variations, serves as the centerpiece of the design, adding a tailored touch through its exquisite stitching and artisanal craftsmanship. The result is a bed that offers not only exceptional comfort but also a true sense of luxury and meticulous attention to detail.<\/p>\n<p>The <strong>Victor Bed<\/strong> is the ideal choice for those who appreciate a harmonious blend of style, functionality, and contemporary design, bringing a discreet yet sophisticated presence to any bedroom.<\/p>\n","protected":false},"featured_media":7336,"template":"","meta":{"inline_featured_image":false},"product_cat":[42],"product_tag":[],"class_list":["post-7143","product","type-product","status-publish","has-post-thumbnail","hentry","product_cat-letti"],"yoast_head":"<!-- This site is optimized with the Yoast SEO plugin v24.8.1 - https:\/\/yoast.com\/wordpress\/plugins\/seo\/ -->\n<title>VICTOR - Conte Bed - Italian bed design<\/title>\n<meta name=\"robots\" content=\"index, follow, max-snippet:-1, max-image-preview:large, max-video-preview:-1\" \/>\n<link rel=\"canonical\" href=\"https:\/\/dev.contebed.it\/prodotto\/victor-2\/\" \/>\n<meta property=\"og:locale\" content=\"en_US\" \/>\n<meta property=\"og:type\" content=\"article\" \/>\n<meta property=\"og:title\" content=\"VICTOR - Conte Bed - Italian bed design\" \/>\n<meta property=\"og:description\" content=\"[:it]Il Letto Victor \u00e8 una sintesi perfetta di eleganza e funzionalit\u00e0, pensato per chi desidera un elemento d\u2019arredo versatile e raffinato. Disponibile in due versioni, con giroletto da 15 cm e base in legno per uno stile leggero e slanciato, o con giroletto da 25 cm e contenitore integrato, il Victor si adatta a diverse esigenze di spazio e praticit\u00e0, senza mai rinunciare all\u2019estetica.  La testiera, disponibile sia nella variante liscia che trapuntata, rappresenta il cuore del design del Victor, conferendo un tocco sartoriale grazie alle raffinate cuciture e alla lavorazione artigianale. Il risultato \u00e8 un letto che offre non solo comfort, ma anche una percezione di lusso e attenzione al dettaglio. Il Letto Victor \u00e8 la scelta ideale per chi cerca un connubio tra stile, funzionalit\u00e0 e design contemporaneo, elevando ogni ambiente notte con la sua presenza discreta ma sofisticata.[:en]The Victor Bed is a perfect synthesis of elegance and functionality, designed for those who seek a versatile yet refined furnishing piece. Available in two versions\u2014one with a 15 cm bed frame and a sleek wooden base for a light, airy look, and another with a 25 cm bed frame featuring an integrated storage compartment\u2014Victor adapts to different space and practicality needs without ever compromising on aesthetics.  The headboard, available in both smooth and quilted variations, serves as the centerpiece of the design, adding a tailored touch through its exquisite stitching and artisanal craftsmanship. The result is a bed that offers not only exceptional comfort but also a true sense of luxury and meticulous attention to detail.  The Victor Bed is the ideal choice for those who appreciate a harmonious blend of style, functionality, and contemporary design, bringing a discreet yet sophisticated presence to any bedroom.[:]\" \/>\n<meta property=\"og:url\" content=\"https:\/\/dev.contebed.it\/prodotto\/victor-2\/\" \/>\n<meta property=\"og:site_name\" content=\"Conte Bed - Italian bed design\" \/>\n<meta property=\"article:modified_time\" content=\"2025-03-21T09:34:39+00:00\" \/>\n<meta property=\"og:image\" content=\"https:\/\/dev.contebed.it\/wp-content\/uploads\/2018\/10\/viktor.jpg\" \/>\n\t<meta property=\"og:image:width\" content=\"2560\" \/>\n\t<meta property=\"og:image:height\" content=\"1441\" \/>\n\t<meta property=\"og:image:type\" content=\"image\/jpeg\" \/>\n<meta name=\"twitter:card\" content=\"summary_large_image\" \/>\n<script type=\"application\/ld+json\" class=\"yoast-schema-graph\">{\"@context\":\"https:\/\/schema.org\",\"@graph\":[{\"@type\":\"WebPage\",\"@id\":\"https:\/\/dev.contebed.it\/prodotto\/victor-2\/\",\"url\":\"https:\/\/dev.contebed.it\/prodotto\/victor-2\/\",\"name\":\"VICTOR - Conte Bed - Italian bed design\",\"isPartOf\":{\"@id\":\"https:\/\/dev.contebed.it\/#website\"},\"primaryImageOfPage\":{\"@id\":\"https:\/\/dev.contebed.it\/prodotto\/victor-2\/#primaryimage\"},\"image\":{\"@id\":\"https:\/\/dev.contebed.it\/prodotto\/victor-2\/#primaryimage\"},\"thumbnailUrl\":\"https:\/\/dev.contebed.it\/wp-content\/uploads\/2018\/10\/viktor.jpg\",\"datePublished\":\"2018-10-13T09:48:45+00:00\",\"dateModified\":\"2025-03-21T09:34:39+00:00\",\"breadcrumb\":{\"@id\":\"https:\/\/dev.contebed.it\/prodotto\/victor-2\/#breadcrumb\"},\"inLanguage\":\"en-US\",\"potentialAction\":[{\"@type\":\"ReadAction\",\"target\":[\"https:\/\/dev.contebed.it\/prodotto\/victor-2\/\"]}]},{\"@type\":\"ImageObject\",\"inLanguage\":\"en-US\",\"@id\":\"https:\/\/dev.contebed.it\/prodotto\/victor-2\/#primaryimage\",\"url\":\"https:\/\/dev.contebed.it\/wp-content\/uploads\/2018\/10\/viktor.jpg\",\"contentUrl\":\"https:\/\/dev.contebed.it\/wp-content\/uploads\/2018\/10\/viktor.jpg\",\"width\":2560,\"height\":1441},{\"@type\":\"BreadcrumbList\",\"@id\":\"https:\/\/dev.contebed.it\/prodotto\/victor-2\/#breadcrumb\",\"itemListElement\":[{\"@type\":\"ListItem\",\"position\":1,\"name\":\"Prodotti\",\"item\":\"https:\/\/dev.contebed.it\/shop\/\"},{\"@type\":\"ListItem\",\"position\":2,\"name\":\"VICTOR\"}]},{\"@type\":\"WebSite\",\"@id\":\"https:\/\/dev.contebed.it\/#website\",\"url\":\"https:\/\/dev.contebed.it\/\",\"name\":\"Conte Bed - Italian bed design\",\"description\":\"\",\"potentialAction\":[{\"@type\":\"SearchAction\",\"target\":{\"@type\":\"EntryPoint\",\"urlTemplate\":\"https:\/\/dev.contebed.it\/?s={search_term_string}\"},\"query-input\":{\"@type\":\"PropertyValueSpecification\",\"valueRequired\":true,\"valueName\":\"search_term_string\"}}],\"inLanguage\":\"en-US\"}]}<\/script>\n<!-- \/ Yoast SEO plugin. -->","yoast_head_json":{"title":"VICTOR - Conte Bed - Italian bed design","robots":{"index":"index","follow":"follow","max-snippet":"max-snippet:-1","max-image-preview":"max-image-preview:large","max-video-preview":"max-video-preview:-1"},"canonical":"https:\/\/dev.contebed.it\/prodotto\/victor-2\/","og_locale":"en_US","og_type":"article","og_title":"VICTOR - Conte Bed - Italian bed design","og_description":"[:it]Il Letto Victor \u00e8 una sintesi perfetta di eleganza e funzionalit\u00e0, pensato per chi desidera un elemento d\u2019arredo versatile e raffinato. Disponibile in due versioni, con giroletto da 15 cm e base in legno per uno stile leggero e slanciato, o con giroletto da 25 cm e contenitore integrato, il Victor si adatta a diverse esigenze di spazio e praticit\u00e0, senza mai rinunciare all\u2019estetica.  La testiera, disponibile sia nella variante liscia che trapuntata, rappresenta il cuore del design del Victor, conferendo un tocco sartoriale grazie alle raffinate cuciture e alla lavorazione artigianale. Il risultato \u00e8 un letto che offre non solo comfort, ma anche una percezione di lusso e attenzione al dettaglio. Il Letto Victor \u00e8 la scelta ideale per chi cerca un connubio tra stile, funzionalit\u00e0 e design contemporaneo, elevando ogni ambiente notte con la sua presenza discreta ma sofisticata.[:en]The Victor Bed is a perfect synthesis of elegance and functionality, designed for those who seek a versatile yet refined furnishing piece. Available in two versions\u2014one with a 15 cm bed frame and a sleek wooden base for a light, airy look, and another with a 25 cm bed frame featuring an integrated storage compartment\u2014Victor adapts to different space and practicality needs without ever compromising on aesthetics.  The headboard, available in both smooth and quilted variations, serves as the centerpiece of the design, adding a tailored touch through its exquisite stitching and artisanal craftsmanship. The result is a bed that offers not only exceptional comfort but also a true sense of luxury and meticulous attention to detail.  The Victor Bed is the ideal choice for those who appreciate a harmonious blend of style, functionality, and contemporary design, bringing a discreet yet sophisticated presence to any bedroom.[:]","og_url":"https:\/\/dev.contebed.it\/prodotto\/victor-2\/","og_site_name":"Conte Bed - Italian bed design","article_modified_time":"2025-03-21T09:34:39+00:00","og_image":[{"width":2560,"height":1441,"url":"https:\/\/dev.contebed.it\/wp-content\/uploads\/2018\/10\/viktor.jpg","type":"image\/jpeg"}],"twitter_card":"summary_large_image","schema":{"@context":"https:\/\/schema.org","@graph":[{"@type":"WebPage","@id":"https:\/\/dev.contebed.it\/prodotto\/victor-2\/","url":"https:\/\/dev.contebed.it\/prodotto\/victor-2\/","name":"VICTOR - Conte Bed - Italian bed design","isPartOf":{"@id":"https:\/\/dev.contebed.it\/#website"},"primaryImageOfPage":{"@id":"https:\/\/dev.contebed.it\/prodotto\/victor-2\/#primaryimage"},"image":{"@id":"https:\/\/dev.contebed.it\/prodotto\/victor-2\/#primaryimage"},"thumbnailUrl":"https:\/\/dev.contebed.it\/wp-content\/uploads\/2018\/10\/viktor.jpg","datePublished":"2018-10-13T09:48:45+00:00","dateModified":"2025-03-21T09:34:39+00:00","breadcrumb":{"@id":"https:\/\/dev.contebed.it\/prodotto\/victor-2\/#breadcrumb"},"inLanguage":"en-US","potentialAction":[{"@type":"ReadAction","target":["https:\/\/dev.contebed.it\/prodotto\/victor-2\/"]}]},{"@type":"ImageObject","inLanguage":"en-US","@id":"https:\/\/dev.contebed.it\/prodotto\/victor-2\/#primaryimage","url":"https:\/\/dev.contebed.it\/wp-content\/uploads\/2018\/10\/viktor.jpg","contentUrl":"https:\/\/dev.contebed.it\/wp-content\/uploads\/2018\/10\/viktor.jpg","width":2560,"height":1441},{"@type":"BreadcrumbList","@id":"https:\/\/dev.contebed.it\/prodotto\/victor-2\/#breadcrumb","itemListElement":[{"@type":"ListItem","position":1,"name":"Prodotti","item":"https:\/\/dev.contebed.it\/shop\/"},{"@type":"ListItem","position":2,"name":"VICTOR"}]},{"@type":"WebSite","@id":"https:\/\/dev.contebed.it\/#website","url":"https:\/\/dev.contebed.it\/","name":"Conte Bed - Italian bed design","description":"","potentialAction":[{"@type":"SearchAction","target":{"@type":"EntryPoint","urlTemplate":"https:\/\/dev.contebed.it\/?s={search_term_string}"},"query-input":{"@type":"PropertyValueSpecification","valueRequired":true,"valueName":"search_term_string"}}],"inLanguage":"en-US"}]}},"_links":{"self":[{"href":"https:\/\/dev.contebed.it\/en\/wp-json\/wp\/v2\/product\/7143","targetHints":{"allow":["GET"]}}],"collection":[{"href":"https:\/\/dev.contebed.it\/en\/wp-json\/wp\/v2\/product"}],"about":[{"href":"https:\/\/dev.contebed.it\/en\/wp-json\/wp\/v2\/types\/product"}],"wp:featuredmedia":[{"embeddable":true,"href":"https:\/\/dev.contebed.it\/en\/wp-json\/wp\/v2\/media\/7336"}],"wp:attachment":[{"href":"https:\/\/dev.contebed.it\/en\/wp-json\/wp\/v2\/media?parent=7143"}],"wp:term":[{"taxonomy":"product_cat","embeddable":true,"href":"https:\/\/dev.contebed.it\/en\/wp-json\/wp\/v2\/product_cat?post=7143"},{"taxonomy":"product_tag","embeddable":true,"href":"https:\/\/dev.contebed.it\/en\/wp-json\/wp\/v2\/product_tag?post=7143"}],"curies":[{"name":"wp","href":"https:\/\/api.w.org\/{rel}","templated":true}]}}