

{"id":7102,"date":"2025-03-12T17:58:28","date_gmt":"2025-03-12T17:58:28","guid":{"rendered":"https:\/\/dev.contebed.it\/?post_type=product&#038;p=7102"},"modified":"2025-03-21T09:48:11","modified_gmt":"2025-03-21T09:48:11","slug":"rosebud-2","status":"publish","type":"product","link":"https:\/\/dev.contebed.it\/en\/prodotto\/rosebud-2\/","title":{"rendered":"ROSEBUD"},"content":{"rendered":"","protected":false},"excerpt":{"rendered":"<p><em><u>Rosebud<\/u><\/em>\u00a0\u00e8 l\u2019ultima parola pronunciata dal protagonista di\u00a0<em>Quarto potere<\/em>, che, oltre al suo significato letterale di \u00abbocciolo di rosa\u00bb, simboleggia una promessa non realizzata, un\u2019alternativa mai compiuta.<\/p>\n<p>La scultura volumetrica, dai chiaroscuri fuggevoli, \u00e8 fatta di ombre allungate, cosicch\u00e9 le sinuose superfici sembrano perdersi nelle rotondit\u00e0 continue. La muscolosit\u00e0 di\u00a0<em>Rosebud<\/em>\u00a0\u00e8 potente, ma senza perdere la gentilezza, e le fluenti morbidezze che la descrivono sembrano echeggiare accenti d\u00e9co.<\/p>\n<p>La piccola famiglia si compone di una poltrona, dalle contenute dimensioni ma di grande stabilit\u00e0 corporea, e della sorella pi\u00f9 piccola, una sedia dall\u2019aspetto posato e leggero, la cui versatilit\u00e0 le permette di essere a proprio agio in ogni ambiente, da una zona\u00a0<em>dining<\/em>, a una\u00a0<em>lounge<\/em>, fino a un\u00a0<em>home office.\u00a0<\/em>Entrambe sono caratterizzate da immediate sensazioni visive di grande\u00a0<em>comfort\u00a0<\/em>e<em>\u00a0<\/em>sono composte da due corpi uniti a formare il tutt\u2019uno. Le superfici piane, per quanto costantemente curve e morbidissime, hanno un aspetto teso, pieno, nel volume quanto nella confezione, senza nessun accenno a pieghe tappezziere di rivestimento, ricordando cos\u00ec armonie corporee ricche di vigore giovanile.<\/p>\n<p>Il disegno volumetrico, evidentemente organico, conferisce una spiccata attitudine verso il linguaggio amichevole alla poltrona come alla sedia,\u00a0entrambe capaci di essere protagoniste nella scena domestica quanto nell\u2019ambiente\u00a0<em>hospitality<\/em>.<\/p>\n","protected":false},"featured_media":7319,"template":"","meta":{"inline_featured_image":false},"product_cat":[195],"product_tag":[],"class_list":["post-7102","product","type-product","status-publish","has-post-thumbnail","hentry","product_cat-poltrone"],"yoast_head":"<!-- This site is optimized with the Yoast SEO plugin v24.8.1 - https:\/\/yoast.com\/wordpress\/plugins\/seo\/ -->\n<title>ROSEBUD - Conte Bed - Italian bed design<\/title>\n<meta name=\"robots\" content=\"index, follow, max-snippet:-1, max-image-preview:large, max-video-preview:-1\" \/>\n<link rel=\"canonical\" href=\"https:\/\/dev.contebed.it\/prodotto\/rosebud-2\/\" \/>\n<meta property=\"og:locale\" content=\"en_US\" \/>\n<meta property=\"og:type\" content=\"article\" \/>\n<meta property=\"og:title\" content=\"ROSEBUD - Conte Bed - Italian bed design\" \/>\n<meta property=\"og:description\" content=\"Rosebud\u00a0\u00e8 l\u2019ultima parola pronunciata dal protagonista di\u00a0Quarto potere, che, oltre al suo significato letterale di \u00abbocciolo di rosa\u00bb, simboleggia una promessa non realizzata, un\u2019alternativa mai compiuta.  La scultura volumetrica, dai chiaroscuri fuggevoli, \u00e8 fatta di ombre allungate, cosicch\u00e9 le sinuose superfici sembrano perdersi nelle rotondit\u00e0 continue. La muscolosit\u00e0 di\u00a0Rosebud\u00a0\u00e8 potente, ma senza perdere la gentilezza, e le fluenti morbidezze che la descrivono sembrano echeggiare accenti d\u00e9co.  La piccola famiglia si compone di una poltrona, dalle contenute dimensioni ma di grande stabilit\u00e0 corporea, e della sorella pi\u00f9 piccola, una sedia dall\u2019aspetto posato e leggero, la cui versatilit\u00e0 le permette di essere a proprio agio in ogni ambiente, da una zona\u00a0dining, a una\u00a0lounge, fino a un\u00a0home office.\u00a0Entrambe sono caratterizzate da immediate sensazioni visive di grande\u00a0comfort\u00a0e\u00a0sono composte da due corpi uniti a formare il tutt\u2019uno. Le superfici piane, per quanto costantemente curve e morbidissime, hanno un aspetto teso, pieno, nel volume quanto nella confezione, senza nessun accenno a pieghe tappezziere di rivestimento, ricordando cos\u00ec armonie corporee ricche di vigore giovanile.  Il disegno volumetrico, evidentemente organico, conferisce una spiccata attitudine verso il linguaggio amichevole alla poltrona come alla sedia,\u00a0entrambe capaci di essere protagoniste nella scena domestica quanto nell\u2019ambiente\u00a0hospitality.\" \/>\n<meta property=\"og:url\" content=\"https:\/\/dev.contebed.it\/prodotto\/rosebud-2\/\" \/>\n<meta property=\"og:site_name\" content=\"Conte Bed - Italian bed design\" \/>\n<meta property=\"article:modified_time\" content=\"2025-03-21T09:48:11+00:00\" \/>\n<meta property=\"og:image\" content=\"https:\/\/dev.contebed.it\/wp-content\/uploads\/2025\/02\/Rosebud-1-scaled.jpg\" \/>\n\t<meta property=\"og:image:width\" content=\"2560\" \/>\n\t<meta property=\"og:image:height\" content=\"1707\" \/>\n\t<meta property=\"og:image:type\" content=\"image\/jpeg\" \/>\n<meta name=\"twitter:card\" content=\"summary_large_image\" \/>\n<script type=\"application\/ld+json\" class=\"yoast-schema-graph\">{\"@context\":\"https:\/\/schema.org\",\"@graph\":[{\"@type\":\"WebPage\",\"@id\":\"https:\/\/dev.contebed.it\/prodotto\/rosebud-2\/\",\"url\":\"https:\/\/dev.contebed.it\/prodotto\/rosebud-2\/\",\"name\":\"ROSEBUD - Conte Bed - Italian bed design\",\"isPartOf\":{\"@id\":\"https:\/\/dev.contebed.it\/#website\"},\"primaryImageOfPage\":{\"@id\":\"https:\/\/dev.contebed.it\/prodotto\/rosebud-2\/#primaryimage\"},\"image\":{\"@id\":\"https:\/\/dev.contebed.it\/prodotto\/rosebud-2\/#primaryimage\"},\"thumbnailUrl\":\"https:\/\/dev.contebed.it\/wp-content\/uploads\/2025\/02\/Rosebud-1-scaled.jpg\",\"datePublished\":\"2025-03-12T17:58:28+00:00\",\"dateModified\":\"2025-03-21T09:48:11+00:00\",\"breadcrumb\":{\"@id\":\"https:\/\/dev.contebed.it\/prodotto\/rosebud-2\/#breadcrumb\"},\"inLanguage\":\"en-US\",\"potentialAction\":[{\"@type\":\"ReadAction\",\"target\":[\"https:\/\/dev.contebed.it\/prodotto\/rosebud-2\/\"]}]},{\"@type\":\"ImageObject\",\"inLanguage\":\"en-US\",\"@id\":\"https:\/\/dev.contebed.it\/prodotto\/rosebud-2\/#primaryimage\",\"url\":\"https:\/\/dev.contebed.it\/wp-content\/uploads\/2025\/02\/Rosebud-1-scaled.jpg\",\"contentUrl\":\"https:\/\/dev.contebed.it\/wp-content\/uploads\/2025\/02\/Rosebud-1-scaled.jpg\",\"width\":2560,\"height\":1707},{\"@type\":\"BreadcrumbList\",\"@id\":\"https:\/\/dev.contebed.it\/prodotto\/rosebud-2\/#breadcrumb\",\"itemListElement\":[{\"@type\":\"ListItem\",\"position\":1,\"name\":\"Prodotti\",\"item\":\"https:\/\/dev.contebed.it\/shop\/\"},{\"@type\":\"ListItem\",\"position\":2,\"name\":\"ROSEBUD\"}]},{\"@type\":\"WebSite\",\"@id\":\"https:\/\/dev.contebed.it\/#website\",\"url\":\"https:\/\/dev.contebed.it\/\",\"name\":\"Conte Bed - Italian bed design\",\"description\":\"\",\"potentialAction\":[{\"@type\":\"SearchAction\",\"target\":{\"@type\":\"EntryPoint\",\"urlTemplate\":\"https:\/\/dev.contebed.it\/?s={search_term_string}\"},\"query-input\":{\"@type\":\"PropertyValueSpecification\",\"valueRequired\":true,\"valueName\":\"search_term_string\"}}],\"inLanguage\":\"en-US\"}]}<\/script>\n<!-- \/ Yoast SEO plugin. -->","yoast_head_json":{"title":"ROSEBUD - Conte Bed - Italian bed design","robots":{"index":"index","follow":"follow","max-snippet":"max-snippet:-1","max-image-preview":"max-image-preview:large","max-video-preview":"max-video-preview:-1"},"canonical":"https:\/\/dev.contebed.it\/prodotto\/rosebud-2\/","og_locale":"en_US","og_type":"article","og_title":"ROSEBUD - Conte Bed - Italian bed design","og_description":"Rosebud\u00a0\u00e8 l\u2019ultima parola pronunciata dal protagonista di\u00a0Quarto potere, che, oltre al suo significato letterale di \u00abbocciolo di rosa\u00bb, simboleggia una promessa non realizzata, un\u2019alternativa mai compiuta.  La scultura volumetrica, dai chiaroscuri fuggevoli, \u00e8 fatta di ombre allungate, cosicch\u00e9 le sinuose superfici sembrano perdersi nelle rotondit\u00e0 continue. La muscolosit\u00e0 di\u00a0Rosebud\u00a0\u00e8 potente, ma senza perdere la gentilezza, e le fluenti morbidezze che la descrivono sembrano echeggiare accenti d\u00e9co.  La piccola famiglia si compone di una poltrona, dalle contenute dimensioni ma di grande stabilit\u00e0 corporea, e della sorella pi\u00f9 piccola, una sedia dall\u2019aspetto posato e leggero, la cui versatilit\u00e0 le permette di essere a proprio agio in ogni ambiente, da una zona\u00a0dining, a una\u00a0lounge, fino a un\u00a0home office.\u00a0Entrambe sono caratterizzate da immediate sensazioni visive di grande\u00a0comfort\u00a0e\u00a0sono composte da due corpi uniti a formare il tutt\u2019uno. Le superfici piane, per quanto costantemente curve e morbidissime, hanno un aspetto teso, pieno, nel volume quanto nella confezione, senza nessun accenno a pieghe tappezziere di rivestimento, ricordando cos\u00ec armonie corporee ricche di vigore giovanile.  Il disegno volumetrico, evidentemente organico, conferisce una spiccata attitudine verso il linguaggio amichevole alla poltrona come alla sedia,\u00a0entrambe capaci di essere protagoniste nella scena domestica quanto nell\u2019ambiente\u00a0hospitality.","og_url":"https:\/\/dev.contebed.it\/prodotto\/rosebud-2\/","og_site_name":"Conte Bed - Italian bed design","article_modified_time":"2025-03-21T09:48:11+00:00","og_image":[{"width":2560,"height":1707,"url":"https:\/\/dev.contebed.it\/wp-content\/uploads\/2025\/02\/Rosebud-1-scaled.jpg","type":"image\/jpeg"}],"twitter_card":"summary_large_image","schema":{"@context":"https:\/\/schema.org","@graph":[{"@type":"WebPage","@id":"https:\/\/dev.contebed.it\/prodotto\/rosebud-2\/","url":"https:\/\/dev.contebed.it\/prodotto\/rosebud-2\/","name":"ROSEBUD - Conte Bed - Italian bed design","isPartOf":{"@id":"https:\/\/dev.contebed.it\/#website"},"primaryImageOfPage":{"@id":"https:\/\/dev.contebed.it\/prodotto\/rosebud-2\/#primaryimage"},"image":{"@id":"https:\/\/dev.contebed.it\/prodotto\/rosebud-2\/#primaryimage"},"thumbnailUrl":"https:\/\/dev.contebed.it\/wp-content\/uploads\/2025\/02\/Rosebud-1-scaled.jpg","datePublished":"2025-03-12T17:58:28+00:00","dateModified":"2025-03-21T09:48:11+00:00","breadcrumb":{"@id":"https:\/\/dev.contebed.it\/prodotto\/rosebud-2\/#breadcrumb"},"inLanguage":"en-US","potentialAction":[{"@type":"ReadAction","target":["https:\/\/dev.contebed.it\/prodotto\/rosebud-2\/"]}]},{"@type":"ImageObject","inLanguage":"en-US","@id":"https:\/\/dev.contebed.it\/prodotto\/rosebud-2\/#primaryimage","url":"https:\/\/dev.contebed.it\/wp-content\/uploads\/2025\/02\/Rosebud-1-scaled.jpg","contentUrl":"https:\/\/dev.contebed.it\/wp-content\/uploads\/2025\/02\/Rosebud-1-scaled.jpg","width":2560,"height":1707},{"@type":"BreadcrumbList","@id":"https:\/\/dev.contebed.it\/prodotto\/rosebud-2\/#breadcrumb","itemListElement":[{"@type":"ListItem","position":1,"name":"Prodotti","item":"https:\/\/dev.contebed.it\/shop\/"},{"@type":"ListItem","position":2,"name":"ROSEBUD"}]},{"@type":"WebSite","@id":"https:\/\/dev.contebed.it\/#website","url":"https:\/\/dev.contebed.it\/","name":"Conte Bed - Italian bed design","description":"","potentialAction":[{"@type":"SearchAction","target":{"@type":"EntryPoint","urlTemplate":"https:\/\/dev.contebed.it\/?s={search_term_string}"},"query-input":{"@type":"PropertyValueSpecification","valueRequired":true,"valueName":"search_term_string"}}],"inLanguage":"en-US"}]}},"_links":{"self":[{"href":"https:\/\/dev.contebed.it\/en\/wp-json\/wp\/v2\/product\/7102","targetHints":{"allow":["GET"]}}],"collection":[{"href":"https:\/\/dev.contebed.it\/en\/wp-json\/wp\/v2\/product"}],"about":[{"href":"https:\/\/dev.contebed.it\/en\/wp-json\/wp\/v2\/types\/product"}],"wp:featuredmedia":[{"embeddable":true,"href":"https:\/\/dev.contebed.it\/en\/wp-json\/wp\/v2\/media\/7319"}],"wp:attachment":[{"href":"https:\/\/dev.contebed.it\/en\/wp-json\/wp\/v2\/media?parent=7102"}],"wp:term":[{"taxonomy":"product_cat","embeddable":true,"href":"https:\/\/dev.contebed.it\/en\/wp-json\/wp\/v2\/product_cat?post=7102"},{"taxonomy":"product_tag","embeddable":true,"href":"https:\/\/dev.contebed.it\/en\/wp-json\/wp\/v2\/product_tag?post=7102"}],"curies":[{"name":"wp","href":"https:\/\/api.w.org\/{rel}","templated":true}]}}