

{"id":7078,"date":"2025-07-20T17:54:55","date_gmt":"2025-07-20T17:54:55","guid":{"rendered":"https:\/\/dev.contebed.it\/?post_type=product&#038;p=7078"},"modified":"2025-08-04T15:07:57","modified_gmt":"2025-08-04T15:07:57","slug":"rosebud","status":"publish","type":"product","link":"https:\/\/dev.contebed.it\/en\/prodotto\/rosebud\/","title":{"rendered":"Rosebud"},"content":{"rendered":"","protected":false},"excerpt":{"rendered":"<p><strong>Rosebud<\/strong> is the last word uttered by the protagonist of <em>Citizen Kane<\/em> (<em>Quarto Potere<\/em>), a term that, beyond its literal meaning of \u201crosebud,\u201d symbolizes an <strong>unfulfilled promise, an unrealized alternative<\/strong>.<\/p>\n<p>This <strong>sculptural volume<\/strong>, defined by fleeting chiaroscuro contrasts, is shaped by <strong>elongated shadows<\/strong>, where its <strong>sinuous surfaces seamlessly dissolve into continuous curves<\/strong>. <strong>Rosebud<\/strong> possesses a <strong>muscular presence<\/strong>, yet remains gentle, its flowing softness evoking <strong>Art Deco influences<\/strong>.<\/p>\n<p>The collection consists of a <strong>compact yet structurally grounded armchair<\/strong>, accompanied by its <strong>smaller sibling<\/strong>, a <strong>poised and lightweight chair<\/strong>. Thanks to its <strong>versatile nature<\/strong>, the chair integrates effortlessly into <strong>dining areas, lounges, or home offices<\/strong>. Both pieces share an <strong>immediate visual sense of comfort<\/strong>, defined by <strong>two seamlessly fused elements<\/strong>, creating a singular and cohesive form.<\/p>\n<p>Despite their <strong>constant curvature and plush feel<\/strong>, the surfaces retain a <strong>taut, full appearance<\/strong>, with <strong>no visible upholstery folds<\/strong>, recalling <strong>youthful, sculptural harmonies<\/strong> brimming with vitality.<\/p>\n<p>With its <strong>organically inspired volume<\/strong>, <strong>Rosebud<\/strong> exudes an <strong>inviting, approachable aesthetic<\/strong>, making both the <strong>armchair and chair<\/strong> true protagonists in <strong>domestic interiors as well as hospitality spaces<\/strong>, seamlessly blending comfort with a refined, artistic presence.<\/p>\n","protected":false},"featured_media":7316,"template":"","meta":{"inline_featured_image":false},"product_cat":[257],"product_tag":[],"class_list":["post-7078","product","type-product","status-publish","has-post-thumbnail","hentry","product_cat-sedie"],"yoast_head":"<!-- This site is optimized with the Yoast SEO plugin v24.8.1 - https:\/\/yoast.com\/wordpress\/plugins\/seo\/ -->\n<title>Rosebud - Conte Bed - Italian bed design<\/title>\n<meta name=\"robots\" content=\"index, follow, max-snippet:-1, max-image-preview:large, max-video-preview:-1\" \/>\n<link rel=\"canonical\" href=\"https:\/\/dev.contebed.it\/prodotto\/rosebud\/\" \/>\n<meta property=\"og:locale\" content=\"en_US\" \/>\n<meta property=\"og:type\" content=\"article\" \/>\n<meta property=\"og:title\" content=\"Rosebud - Conte Bed - Italian bed design\" \/>\n<meta property=\"og:description\" content=\"[:it]Rosebud\u00a0\u00e8 l\u2019ultima parola pronunciata dal protagonista di\u00a0Quarto potere, che, oltre al suo significato letterale di \u00abbocciolo di rosa\u00bb, simboleggia una promessa non realizzata, un\u2019alternativa mai compiuta.  La scultura volumetrica, dai chiaroscuri fuggevoli, \u00e8 fatta di ombre allungate, cosicch\u00e9 le sinuose superfici sembrano perdersi nelle rotondit\u00e0 continue. La muscolosit\u00e0 di\u00a0Rosebud\u00a0\u00e8 potente, ma senza perdere la gentilezza, e le fluenti morbidezze che la descrivono sembrano echeggiare accenti d\u00e9co.  La piccola famiglia si compone di una poltrona, dalle contenute dimensioni ma di grande stabilit\u00e0 corporea, e della sorella pi\u00f9 piccola, una sedia dall\u2019aspetto posato e leggero, la cui versatilit\u00e0 le permette di essere a proprio agio in ogni ambiente, da una zona\u00a0dining, a una\u00a0lounge, fino a un\u00a0home office.\u00a0Entrambe sono caratterizzate da immediate sensazioni visive di grande\u00a0comfort\u00a0e\u00a0sono composte da due corpi uniti a formare il tutt\u2019uno. Le superfici piane, per quanto costantemente curve e morbidissime, hanno un aspetto teso, pieno, nel volume quanto nella confezione, senza nessun accenno a pieghe tappezziere di rivestimento, ricordando cos\u00ec armonie corporee ricche di vigore giovanile.  Il disegno volumetrico, evidentemente organico, conferisce una spiccata attitudine verso il linguaggio amichevole alla poltrona come alla sedia,\u00a0entrambe capaci di essere protagoniste nella scena domestica quanto nell\u2019ambiente\u00a0hospitality[:en]Rosebud is the last word uttered by the protagonist of Citizen Kane (Quarto Potere), a term that, beyond its literal meaning of \u201crosebud,\u201d symbolizes an unfulfilled promise, an unrealized alternative.  This sculptural volume, defined by fleeting chiaroscuro contrasts, is shaped by elongated shadows, where its sinuous surfaces seamlessly dissolve into continuous curves. Rosebud possesses a muscular presence, yet remains gentle, its flowing softness evoking Art Deco influences.  The collection consists of a compact yet structurally grounded armchair, accompanied by its smaller sibling, a poised and lightweight chair. Thanks to its versatile nature, the chair integrates effortlessly into dining areas, lounges, or home offices. Both pieces share an immediate visual sense of comfort, defined by two seamlessly fused elements, creating a singular and cohesive form.  Despite their constant curvature and plush feel, the surfaces retain a taut, full appearance, with no visible upholstery folds, recalling youthful, sculptural harmonies brimming with vitality.  With its organically inspired volume, Rosebud exudes an inviting, approachable aesthetic, making both the armchair and chair true protagonists in domestic interiors as well as hospitality spaces, seamlessly blending comfort with a refined, artistic presence.[:]\" \/>\n<meta property=\"og:url\" content=\"https:\/\/dev.contebed.it\/prodotto\/rosebud\/\" \/>\n<meta property=\"og:site_name\" content=\"Conte Bed - Italian bed design\" \/>\n<meta property=\"article:modified_time\" content=\"2025-08-04T15:07:57+00:00\" \/>\n<meta property=\"og:image\" content=\"https:\/\/dev.contebed.it\/wp-content\/uploads\/2025\/02\/rosebud-scaled.jpg\" \/>\n\t<meta property=\"og:image:width\" content=\"2560\" \/>\n\t<meta property=\"og:image:height\" content=\"1707\" \/>\n\t<meta property=\"og:image:type\" content=\"image\/jpeg\" \/>\n<meta name=\"twitter:card\" content=\"summary_large_image\" \/>\n<meta name=\"twitter:label1\" content=\"Est. reading time\" \/>\n\t<meta name=\"twitter:data1\" content=\"1 minute\" \/>\n<script type=\"application\/ld+json\" class=\"yoast-schema-graph\">{\"@context\":\"https:\/\/schema.org\",\"@graph\":[{\"@type\":\"WebPage\",\"@id\":\"https:\/\/dev.contebed.it\/prodotto\/rosebud\/\",\"url\":\"https:\/\/dev.contebed.it\/prodotto\/rosebud\/\",\"name\":\"Rosebud - Conte Bed - Italian bed design\",\"isPartOf\":{\"@id\":\"https:\/\/dev.contebed.it\/#website\"},\"primaryImageOfPage\":{\"@id\":\"https:\/\/dev.contebed.it\/prodotto\/rosebud\/#primaryimage\"},\"image\":{\"@id\":\"https:\/\/dev.contebed.it\/prodotto\/rosebud\/#primaryimage\"},\"thumbnailUrl\":\"https:\/\/dev.contebed.it\/wp-content\/uploads\/2025\/02\/rosebud-scaled.jpg\",\"datePublished\":\"2025-07-20T17:54:55+00:00\",\"dateModified\":\"2025-08-04T15:07:57+00:00\",\"breadcrumb\":{\"@id\":\"https:\/\/dev.contebed.it\/prodotto\/rosebud\/#breadcrumb\"},\"inLanguage\":\"en-US\",\"potentialAction\":[{\"@type\":\"ReadAction\",\"target\":[\"https:\/\/dev.contebed.it\/prodotto\/rosebud\/\"]}]},{\"@type\":\"ImageObject\",\"inLanguage\":\"en-US\",\"@id\":\"https:\/\/dev.contebed.it\/prodotto\/rosebud\/#primaryimage\",\"url\":\"https:\/\/dev.contebed.it\/wp-content\/uploads\/2025\/02\/rosebud-scaled.jpg\",\"contentUrl\":\"https:\/\/dev.contebed.it\/wp-content\/uploads\/2025\/02\/rosebud-scaled.jpg\",\"width\":2560,\"height\":1707},{\"@type\":\"BreadcrumbList\",\"@id\":\"https:\/\/dev.contebed.it\/prodotto\/rosebud\/#breadcrumb\",\"itemListElement\":[{\"@type\":\"ListItem\",\"position\":1,\"name\":\"Prodotti\",\"item\":\"https:\/\/dev.contebed.it\/shop\/\"},{\"@type\":\"ListItem\",\"position\":2,\"name\":\"Rosebud\"}]},{\"@type\":\"WebSite\",\"@id\":\"https:\/\/dev.contebed.it\/#website\",\"url\":\"https:\/\/dev.contebed.it\/\",\"name\":\"Conte Bed - Italian bed design\",\"description\":\"\",\"potentialAction\":[{\"@type\":\"SearchAction\",\"target\":{\"@type\":\"EntryPoint\",\"urlTemplate\":\"https:\/\/dev.contebed.it\/?s={search_term_string}\"},\"query-input\":{\"@type\":\"PropertyValueSpecification\",\"valueRequired\":true,\"valueName\":\"search_term_string\"}}],\"inLanguage\":\"en-US\"}]}<\/script>\n<!-- \/ Yoast SEO plugin. -->","yoast_head_json":{"title":"Rosebud - Conte Bed - Italian bed design","robots":{"index":"index","follow":"follow","max-snippet":"max-snippet:-1","max-image-preview":"max-image-preview:large","max-video-preview":"max-video-preview:-1"},"canonical":"https:\/\/dev.contebed.it\/prodotto\/rosebud\/","og_locale":"en_US","og_type":"article","og_title":"Rosebud - Conte Bed - Italian bed design","og_description":"[:it]Rosebud\u00a0\u00e8 l\u2019ultima parola pronunciata dal protagonista di\u00a0Quarto potere, che, oltre al suo significato letterale di \u00abbocciolo di rosa\u00bb, simboleggia una promessa non realizzata, un\u2019alternativa mai compiuta.  La scultura volumetrica, dai chiaroscuri fuggevoli, \u00e8 fatta di ombre allungate, cosicch\u00e9 le sinuose superfici sembrano perdersi nelle rotondit\u00e0 continue. La muscolosit\u00e0 di\u00a0Rosebud\u00a0\u00e8 potente, ma senza perdere la gentilezza, e le fluenti morbidezze che la descrivono sembrano echeggiare accenti d\u00e9co.  La piccola famiglia si compone di una poltrona, dalle contenute dimensioni ma di grande stabilit\u00e0 corporea, e della sorella pi\u00f9 piccola, una sedia dall\u2019aspetto posato e leggero, la cui versatilit\u00e0 le permette di essere a proprio agio in ogni ambiente, da una zona\u00a0dining, a una\u00a0lounge, fino a un\u00a0home office.\u00a0Entrambe sono caratterizzate da immediate sensazioni visive di grande\u00a0comfort\u00a0e\u00a0sono composte da due corpi uniti a formare il tutt\u2019uno. Le superfici piane, per quanto costantemente curve e morbidissime, hanno un aspetto teso, pieno, nel volume quanto nella confezione, senza nessun accenno a pieghe tappezziere di rivestimento, ricordando cos\u00ec armonie corporee ricche di vigore giovanile.  Il disegno volumetrico, evidentemente organico, conferisce una spiccata attitudine verso il linguaggio amichevole alla poltrona come alla sedia,\u00a0entrambe capaci di essere protagoniste nella scena domestica quanto nell\u2019ambiente\u00a0hospitality[:en]Rosebud is the last word uttered by the protagonist of Citizen Kane (Quarto Potere), a term that, beyond its literal meaning of \u201crosebud,\u201d symbolizes an unfulfilled promise, an unrealized alternative.  This sculptural volume, defined by fleeting chiaroscuro contrasts, is shaped by elongated shadows, where its sinuous surfaces seamlessly dissolve into continuous curves. Rosebud possesses a muscular presence, yet remains gentle, its flowing softness evoking Art Deco influences.  The collection consists of a compact yet structurally grounded armchair, accompanied by its smaller sibling, a poised and lightweight chair. Thanks to its versatile nature, the chair integrates effortlessly into dining areas, lounges, or home offices. Both pieces share an immediate visual sense of comfort, defined by two seamlessly fused elements, creating a singular and cohesive form.  Despite their constant curvature and plush feel, the surfaces retain a taut, full appearance, with no visible upholstery folds, recalling youthful, sculptural harmonies brimming with vitality.  With its organically inspired volume, Rosebud exudes an inviting, approachable aesthetic, making both the armchair and chair true protagonists in domestic interiors as well as hospitality spaces, seamlessly blending comfort with a refined, artistic presence.[:]","og_url":"https:\/\/dev.contebed.it\/prodotto\/rosebud\/","og_site_name":"Conte Bed - Italian bed design","article_modified_time":"2025-08-04T15:07:57+00:00","og_image":[{"width":2560,"height":1707,"url":"https:\/\/dev.contebed.it\/wp-content\/uploads\/2025\/02\/rosebud-scaled.jpg","type":"image\/jpeg"}],"twitter_card":"summary_large_image","twitter_misc":{"Est. reading time":"1 minute"},"schema":{"@context":"https:\/\/schema.org","@graph":[{"@type":"WebPage","@id":"https:\/\/dev.contebed.it\/prodotto\/rosebud\/","url":"https:\/\/dev.contebed.it\/prodotto\/rosebud\/","name":"Rosebud - Conte Bed - Italian bed design","isPartOf":{"@id":"https:\/\/dev.contebed.it\/#website"},"primaryImageOfPage":{"@id":"https:\/\/dev.contebed.it\/prodotto\/rosebud\/#primaryimage"},"image":{"@id":"https:\/\/dev.contebed.it\/prodotto\/rosebud\/#primaryimage"},"thumbnailUrl":"https:\/\/dev.contebed.it\/wp-content\/uploads\/2025\/02\/rosebud-scaled.jpg","datePublished":"2025-07-20T17:54:55+00:00","dateModified":"2025-08-04T15:07:57+00:00","breadcrumb":{"@id":"https:\/\/dev.contebed.it\/prodotto\/rosebud\/#breadcrumb"},"inLanguage":"en-US","potentialAction":[{"@type":"ReadAction","target":["https:\/\/dev.contebed.it\/prodotto\/rosebud\/"]}]},{"@type":"ImageObject","inLanguage":"en-US","@id":"https:\/\/dev.contebed.it\/prodotto\/rosebud\/#primaryimage","url":"https:\/\/dev.contebed.it\/wp-content\/uploads\/2025\/02\/rosebud-scaled.jpg","contentUrl":"https:\/\/dev.contebed.it\/wp-content\/uploads\/2025\/02\/rosebud-scaled.jpg","width":2560,"height":1707},{"@type":"BreadcrumbList","@id":"https:\/\/dev.contebed.it\/prodotto\/rosebud\/#breadcrumb","itemListElement":[{"@type":"ListItem","position":1,"name":"Prodotti","item":"https:\/\/dev.contebed.it\/shop\/"},{"@type":"ListItem","position":2,"name":"Rosebud"}]},{"@type":"WebSite","@id":"https:\/\/dev.contebed.it\/#website","url":"https:\/\/dev.contebed.it\/","name":"Conte Bed - Italian bed design","description":"","potentialAction":[{"@type":"SearchAction","target":{"@type":"EntryPoint","urlTemplate":"https:\/\/dev.contebed.it\/?s={search_term_string}"},"query-input":{"@type":"PropertyValueSpecification","valueRequired":true,"valueName":"search_term_string"}}],"inLanguage":"en-US"}]}},"_links":{"self":[{"href":"https:\/\/dev.contebed.it\/en\/wp-json\/wp\/v2\/product\/7078","targetHints":{"allow":["GET"]}}],"collection":[{"href":"https:\/\/dev.contebed.it\/en\/wp-json\/wp\/v2\/product"}],"about":[{"href":"https:\/\/dev.contebed.it\/en\/wp-json\/wp\/v2\/types\/product"}],"wp:featuredmedia":[{"embeddable":true,"href":"https:\/\/dev.contebed.it\/en\/wp-json\/wp\/v2\/media\/7316"}],"wp:attachment":[{"href":"https:\/\/dev.contebed.it\/en\/wp-json\/wp\/v2\/media?parent=7078"}],"wp:term":[{"taxonomy":"product_cat","embeddable":true,"href":"https:\/\/dev.contebed.it\/en\/wp-json\/wp\/v2\/product_cat?post=7078"},{"taxonomy":"product_tag","embeddable":true,"href":"https:\/\/dev.contebed.it\/en\/wp-json\/wp\/v2\/product_tag?post=7078"}],"curies":[{"name":"wp","href":"https:\/\/api.w.org\/{rel}","templated":true}]}}