

{"id":7067,"date":"2025-02-12T17:33:01","date_gmt":"2025-02-12T17:33:01","guid":{"rendered":"https:\/\/dev.contebed.it\/?post_type=product&#038;p=7067"},"modified":"2025-08-04T15:22:32","modified_gmt":"2025-08-04T15:22:32","slug":"cest-moi","status":"publish","type":"product","link":"https:\/\/dev.contebed.it\/en\/prodotto\/cest-moi\/","title":{"rendered":"C&#8217;est moi"},"content":{"rendered":"","protected":false},"excerpt":{"rendered":"<div class=\"page\" title=\"Page 20\">\n<div class=\"layoutArea\">\n<div class=\"column\">\n<p>An old French musical film, <em>Toi c\u2019est moi<\/em>, where a humorous <strong>exchange of identities<\/strong> drives the plot, serves as the inspiration for this product\u2019s name. Looking into a mirror connects us to ourselves. Or does it?<\/p>\n<p>Despite its <strong>pure, rational lines<\/strong>, the <strong>C\u2019est Moi<\/strong> mirror radiates an undeniable <strong>theatrical presence<\/strong>, leaving us without a definitive answer! A <strong>composition of angular rectangles<\/strong>, arranged both flat and on edge, crafted from <strong>leather and metal<\/strong>, forms a <strong>three-dimensional frame<\/strong> that encases the mirror with understated elegance. Yet, the <strong>large reflective surface<\/strong> appears to <strong>detach from its frame, floating effortlessly<\/strong>, thanks to the <strong>brilliant interplay of light and shadow<\/strong> created by a hidden LED strip.<\/p>\n<p>The <strong>impeccable craftsmanship<\/strong>, reflecting the <strong>rigor of luxury<\/strong>, conveys a sense of <strong>perfect balance<\/strong>, celebrating the finest Italian tradition of <strong>handcrafted leatherwork<\/strong>. More than just a mirror, <strong>C\u2019est Moi<\/strong> is a <strong>statement piece<\/strong>, a unique accessory that subtly enhances the personality of those who use it.<\/p>\n<\/div>\n<\/div>\n<\/div>\n","protected":false},"featured_media":7310,"template":"","meta":{"inline_featured_image":false},"product_cat":[204],"product_tag":[],"class_list":["post-7067","product","type-product","status-publish","has-post-thumbnail","hentry","product_cat-specchi"],"yoast_head":"<!-- This site is optimized with the Yoast SEO plugin v24.8.1 - https:\/\/yoast.com\/wordpress\/plugins\/seo\/ -->\n<title>C&#039;est moi - Conte Bed - Italian bed design<\/title>\n<meta name=\"robots\" content=\"index, follow, max-snippet:-1, max-image-preview:large, max-video-preview:-1\" \/>\n<link rel=\"canonical\" href=\"https:\/\/dev.contebed.it\/prodotto\/cest-moi\/\" \/>\n<meta property=\"og:locale\" content=\"en_US\" \/>\n<meta property=\"og:type\" content=\"article\" \/>\n<meta property=\"og:title\" content=\"C&#039;est moi - Conte Bed - Italian bed design\" \/>\n<meta property=\"og:description\" content=\"[:it]    Un vecchio film musicale francese,\u00a0Toi\u00a0c\u2019est\u00a0moi, dove un divertente scambio di\u00a0personalit\u00e0 \u00e8 alla base della trama, fornisce l\u2019ispirazione per il nome del prodotto. Cos\u00ec, vedersi nello specchio ci mette in contatto con noi stessi. O forse no?  La rigorosit\u00e0 delle linee pure e razionali non sembra tradire la spettacolarit\u00e0 scenica che\u00a0emana\u00a0C\u2019est\u00a0moi, lasciandoci senza risposta! Un gioco di rettangoli a forma angolare, disposti per piano e per coltello, realizzati in cuoio e metallo, si compone perimetralmente per formare una cornice tridimensionale che inscrive, con sobria eleganza, lo specchio.\u00a0Il grande rettangolo riflettente sembra per\u00f2 staccarsi dalla cornice e galleggiare grazie alla brillante combinazione di chiaroscuri luminosi, attraverso lo strip-LED nascosto.  L\u2019eccellente fattura di tutti i dettagli, nel rigore del lusso, d\u00e0\u00a0un senso di grande misura, esaltando la migliore tradizione italiana della lavorazione manuale del cuoio, e facendo di\u00a0C\u2019est\u00a0moi\u00a0un accessorio unico, capace di evidenziare la personalit\u00e0 di chi lo utilizza.    [:en]    An old French musical film, Toi c\u2019est moi, where a humorous exchange of identities drives the plot, serves as the inspiration for this product\u2019s name. Looking into a mirror connects us to ourselves. Or does it?  Despite its pure, rational lines, the C\u2019est Moi mirror radiates an undeniable theatrical presence, leaving us without a definitive answer! A composition of angular rectangles, arranged both flat and on edge, crafted from leather and metal, forms a three-dimensional frame that encases the mirror with understated elegance. Yet, the large reflective surface appears to detach from its frame, floating effortlessly, thanks to the brilliant interplay of light and shadow created by a hidden LED strip.  The impeccable craftsmanship, reflecting the rigor of luxury, conveys a sense of perfect balance, celebrating the finest Italian tradition of handcrafted leatherwork. More than just a mirror, C\u2019est Moi is a statement piece, a unique accessory that subtly enhances the personality of those who use it.    [:]\" \/>\n<meta property=\"og:url\" content=\"https:\/\/dev.contebed.it\/prodotto\/cest-moi\/\" \/>\n<meta property=\"og:site_name\" content=\"Conte Bed - Italian bed design\" \/>\n<meta property=\"article:modified_time\" content=\"2025-08-04T15:22:32+00:00\" \/>\n<meta property=\"og:image\" content=\"https:\/\/dev.contebed.it\/wp-content\/uploads\/2025\/02\/Cest-moi.jpg\" \/>\n\t<meta property=\"og:image:width\" content=\"2083\" \/>\n\t<meta property=\"og:image:height\" content=\"2560\" \/>\n\t<meta property=\"og:image:type\" content=\"image\/jpeg\" \/>\n<meta name=\"twitter:card\" content=\"summary_large_image\" \/>\n<meta name=\"twitter:label1\" content=\"Est. reading time\" \/>\n\t<meta name=\"twitter:data1\" content=\"1 minute\" \/>\n<script type=\"application\/ld+json\" class=\"yoast-schema-graph\">{\"@context\":\"https:\/\/schema.org\",\"@graph\":[{\"@type\":\"WebPage\",\"@id\":\"https:\/\/dev.contebed.it\/prodotto\/cest-moi\/\",\"url\":\"https:\/\/dev.contebed.it\/prodotto\/cest-moi\/\",\"name\":\"C'est moi - Conte Bed - Italian bed design\",\"isPartOf\":{\"@id\":\"https:\/\/dev.contebed.it\/#website\"},\"primaryImageOfPage\":{\"@id\":\"https:\/\/dev.contebed.it\/prodotto\/cest-moi\/#primaryimage\"},\"image\":{\"@id\":\"https:\/\/dev.contebed.it\/prodotto\/cest-moi\/#primaryimage\"},\"thumbnailUrl\":\"https:\/\/dev.contebed.it\/wp-content\/uploads\/2025\/02\/Cest-moi.jpg\",\"datePublished\":\"2025-02-12T17:33:01+00:00\",\"dateModified\":\"2025-08-04T15:22:32+00:00\",\"breadcrumb\":{\"@id\":\"https:\/\/dev.contebed.it\/prodotto\/cest-moi\/#breadcrumb\"},\"inLanguage\":\"en-US\",\"potentialAction\":[{\"@type\":\"ReadAction\",\"target\":[\"https:\/\/dev.contebed.it\/prodotto\/cest-moi\/\"]}]},{\"@type\":\"ImageObject\",\"inLanguage\":\"en-US\",\"@id\":\"https:\/\/dev.contebed.it\/prodotto\/cest-moi\/#primaryimage\",\"url\":\"https:\/\/dev.contebed.it\/wp-content\/uploads\/2025\/02\/Cest-moi.jpg\",\"contentUrl\":\"https:\/\/dev.contebed.it\/wp-content\/uploads\/2025\/02\/Cest-moi.jpg\",\"width\":2083,\"height\":2560},{\"@type\":\"BreadcrumbList\",\"@id\":\"https:\/\/dev.contebed.it\/prodotto\/cest-moi\/#breadcrumb\",\"itemListElement\":[{\"@type\":\"ListItem\",\"position\":1,\"name\":\"Prodotti\",\"item\":\"https:\/\/dev.contebed.it\/shop\/\"},{\"@type\":\"ListItem\",\"position\":2,\"name\":\"C&#8217;est moi\"}]},{\"@type\":\"WebSite\",\"@id\":\"https:\/\/dev.contebed.it\/#website\",\"url\":\"https:\/\/dev.contebed.it\/\",\"name\":\"Conte Bed - Italian bed design\",\"description\":\"\",\"potentialAction\":[{\"@type\":\"SearchAction\",\"target\":{\"@type\":\"EntryPoint\",\"urlTemplate\":\"https:\/\/dev.contebed.it\/?s={search_term_string}\"},\"query-input\":{\"@type\":\"PropertyValueSpecification\",\"valueRequired\":true,\"valueName\":\"search_term_string\"}}],\"inLanguage\":\"en-US\"}]}<\/script>\n<!-- \/ Yoast SEO plugin. -->","yoast_head_json":{"title":"C'est moi - Conte Bed - Italian bed design","robots":{"index":"index","follow":"follow","max-snippet":"max-snippet:-1","max-image-preview":"max-image-preview:large","max-video-preview":"max-video-preview:-1"},"canonical":"https:\/\/dev.contebed.it\/prodotto\/cest-moi\/","og_locale":"en_US","og_type":"article","og_title":"C'est moi - Conte Bed - Italian bed design","og_description":"[:it]    Un vecchio film musicale francese,\u00a0Toi\u00a0c\u2019est\u00a0moi, dove un divertente scambio di\u00a0personalit\u00e0 \u00e8 alla base della trama, fornisce l\u2019ispirazione per il nome del prodotto. Cos\u00ec, vedersi nello specchio ci mette in contatto con noi stessi. O forse no?  La rigorosit\u00e0 delle linee pure e razionali non sembra tradire la spettacolarit\u00e0 scenica che\u00a0emana\u00a0C\u2019est\u00a0moi, lasciandoci senza risposta! Un gioco di rettangoli a forma angolare, disposti per piano e per coltello, realizzati in cuoio e metallo, si compone perimetralmente per formare una cornice tridimensionale che inscrive, con sobria eleganza, lo specchio.\u00a0Il grande rettangolo riflettente sembra per\u00f2 staccarsi dalla cornice e galleggiare grazie alla brillante combinazione di chiaroscuri luminosi, attraverso lo strip-LED nascosto.  L\u2019eccellente fattura di tutti i dettagli, nel rigore del lusso, d\u00e0\u00a0un senso di grande misura, esaltando la migliore tradizione italiana della lavorazione manuale del cuoio, e facendo di\u00a0C\u2019est\u00a0moi\u00a0un accessorio unico, capace di evidenziare la personalit\u00e0 di chi lo utilizza.    [:en]    An old French musical film, Toi c\u2019est moi, where a humorous exchange of identities drives the plot, serves as the inspiration for this product\u2019s name. Looking into a mirror connects us to ourselves. Or does it?  Despite its pure, rational lines, the C\u2019est Moi mirror radiates an undeniable theatrical presence, leaving us without a definitive answer! A composition of angular rectangles, arranged both flat and on edge, crafted from leather and metal, forms a three-dimensional frame that encases the mirror with understated elegance. Yet, the large reflective surface appears to detach from its frame, floating effortlessly, thanks to the brilliant interplay of light and shadow created by a hidden LED strip.  The impeccable craftsmanship, reflecting the rigor of luxury, conveys a sense of perfect balance, celebrating the finest Italian tradition of handcrafted leatherwork. More than just a mirror, C\u2019est Moi is a statement piece, a unique accessory that subtly enhances the personality of those who use it.    [:]","og_url":"https:\/\/dev.contebed.it\/prodotto\/cest-moi\/","og_site_name":"Conte Bed - Italian bed design","article_modified_time":"2025-08-04T15:22:32+00:00","og_image":[{"width":2083,"height":2560,"url":"https:\/\/dev.contebed.it\/wp-content\/uploads\/2025\/02\/Cest-moi.jpg","type":"image\/jpeg"}],"twitter_card":"summary_large_image","twitter_misc":{"Est. reading time":"1 minute"},"schema":{"@context":"https:\/\/schema.org","@graph":[{"@type":"WebPage","@id":"https:\/\/dev.contebed.it\/prodotto\/cest-moi\/","url":"https:\/\/dev.contebed.it\/prodotto\/cest-moi\/","name":"C'est moi - Conte Bed - Italian bed design","isPartOf":{"@id":"https:\/\/dev.contebed.it\/#website"},"primaryImageOfPage":{"@id":"https:\/\/dev.contebed.it\/prodotto\/cest-moi\/#primaryimage"},"image":{"@id":"https:\/\/dev.contebed.it\/prodotto\/cest-moi\/#primaryimage"},"thumbnailUrl":"https:\/\/dev.contebed.it\/wp-content\/uploads\/2025\/02\/Cest-moi.jpg","datePublished":"2025-02-12T17:33:01+00:00","dateModified":"2025-08-04T15:22:32+00:00","breadcrumb":{"@id":"https:\/\/dev.contebed.it\/prodotto\/cest-moi\/#breadcrumb"},"inLanguage":"en-US","potentialAction":[{"@type":"ReadAction","target":["https:\/\/dev.contebed.it\/prodotto\/cest-moi\/"]}]},{"@type":"ImageObject","inLanguage":"en-US","@id":"https:\/\/dev.contebed.it\/prodotto\/cest-moi\/#primaryimage","url":"https:\/\/dev.contebed.it\/wp-content\/uploads\/2025\/02\/Cest-moi.jpg","contentUrl":"https:\/\/dev.contebed.it\/wp-content\/uploads\/2025\/02\/Cest-moi.jpg","width":2083,"height":2560},{"@type":"BreadcrumbList","@id":"https:\/\/dev.contebed.it\/prodotto\/cest-moi\/#breadcrumb","itemListElement":[{"@type":"ListItem","position":1,"name":"Prodotti","item":"https:\/\/dev.contebed.it\/shop\/"},{"@type":"ListItem","position":2,"name":"C&#8217;est moi"}]},{"@type":"WebSite","@id":"https:\/\/dev.contebed.it\/#website","url":"https:\/\/dev.contebed.it\/","name":"Conte Bed - Italian bed design","description":"","potentialAction":[{"@type":"SearchAction","target":{"@type":"EntryPoint","urlTemplate":"https:\/\/dev.contebed.it\/?s={search_term_string}"},"query-input":{"@type":"PropertyValueSpecification","valueRequired":true,"valueName":"search_term_string"}}],"inLanguage":"en-US"}]}},"_links":{"self":[{"href":"https:\/\/dev.contebed.it\/en\/wp-json\/wp\/v2\/product\/7067","targetHints":{"allow":["GET"]}}],"collection":[{"href":"https:\/\/dev.contebed.it\/en\/wp-json\/wp\/v2\/product"}],"about":[{"href":"https:\/\/dev.contebed.it\/en\/wp-json\/wp\/v2\/types\/product"}],"wp:featuredmedia":[{"embeddable":true,"href":"https:\/\/dev.contebed.it\/en\/wp-json\/wp\/v2\/media\/7310"}],"wp:attachment":[{"href":"https:\/\/dev.contebed.it\/en\/wp-json\/wp\/v2\/media?parent=7067"}],"wp:term":[{"taxonomy":"product_cat","embeddable":true,"href":"https:\/\/dev.contebed.it\/en\/wp-json\/wp\/v2\/product_cat?post=7067"},{"taxonomy":"product_tag","embeddable":true,"href":"https:\/\/dev.contebed.it\/en\/wp-json\/wp\/v2\/product_tag?post=7067"}],"curies":[{"name":"wp","href":"https:\/\/api.w.org\/{rel}","templated":true}]}}