

{"id":6980,"date":"2025-01-31T16:36:48","date_gmt":"2025-01-31T16:36:48","guid":{"rendered":"https:\/\/dev.contebed.it\/?post_type=product&#038;p=6980"},"modified":"2025-04-03T09:17:11","modified_gmt":"2025-04-03T09:17:11","slug":"perfect-days-2","status":"publish","type":"product","link":"https:\/\/dev.contebed.it\/en\/prodotto\/perfect-days-2\/","title":{"rendered":"Perfect Days"},"content":{"rendered":"<p>In Wim Wenders\u2019 recent film set in Tokyo, the protagonist keeps books and cassettes neatly arranged in a long, low cabinet, turning reading and listening into a ritual of simple, graceful gestures. The elegance of this precision becomes a source of daily well-being, helping to create a sense of harmony throughout the day\u2014just as it can for those who choose these two pieces, inspired by Japanese aesthetics both in form and function.<\/p>\n<p>&nbsp;<\/p>\n<p><span class=\"s3\">Perfect Days<\/span> is a multifunctional piece designed not only for the living area but also for the bedroom. This evolution of the living room cabinet reaches a new aesthetic milestone in timeless modernist form and style, immediately distinguished by its geometric, rigorous, and linear features, as well as by the exquisite craftsmanship of its leather detailing\u2014akin to a high-fashion accessory\u2014setting new standards in the concept of exclusivity.<\/p>\n<p>&nbsp;<\/p>\n<p>This collection, defined by hollow volumes, is enhanced by the depth of its shelving grid, where chiaroscuro effects and fleeting beams of light create a striking interplay\u2014a direct reference to the theatricality of a miniature architectural microcosm, marked by intersecting vertical and horizontal lines.<\/p>\n<p>&nbsp;<\/p>\n<p>The top, a sophisticated tray-like shelf of impeccable craftsmanship, is subtly concave, as if to collect and protect the objects on display. The storage elements are enclosed volumes that intersect with the shelves following a principle of orthogonality.<\/p>\n<p>&nbsp;<\/p>\n<p>Whether used alone or combined in modular configurations, <span class=\"s3\">Perfect Days<\/span> takes center stage in both residential and executive settings, embodying an international aesthetic language with a strong visual impact. Its refined simplicity and spatial balance allow it to seamlessly harmonize with a variety of interior styles.<\/p>\n<p>&nbsp;<\/p>\n<p>Designed also as an architectural bedside table available in multiple sizes, the nighttime version of this piece offers exceptional comfort thanks to its intrinsic qualities. It borrows from the living collection the theatricality of light\u2014not just as an aesthetic statement but also as a functional, ambient feature, providing a sense of warmth and courtesy.<\/p>","protected":false},"excerpt":{"rendered":"<p>In Wim Wenders\u2019 recent film set in Tokyo, the protagonist keeps books and cassettes neatly arranged in a long, low cabinet, turning reading and listening into a ritual of simple, graceful gestures. The elegance of this precision becomes a source of daily well-being, helping to create a sense of harmony throughout the day\u2014just as it can for those who choose these two pieces, inspired by Japanese aesthetics both in form and function.<\/p>\n<p>&nbsp;<\/p>\n<p><span class=\"s3\">Perfect Days<\/span> is a multifunctional piece designed not only for the living area but also for the bedroom. This evolution of the living room cabinet reaches a new aesthetic milestone in timeless modernist form and style, immediately distinguished by its geometric, rigorous, and linear features, as well as by the exquisite craftsmanship of its leather detailing\u2014akin to a high-fashion accessory\u2014setting new standards in the concept of exclusivity.<\/p>\n<p>&nbsp;<\/p>\n<p>This collection, defined by hollow volumes, is enhanced by the depth of its shelving grid, where chiaroscuro effects and fleeting beams of light create a striking interplay\u2014a direct reference to the theatricality of a miniature architectural microcosm, marked by intersecting vertical and horizontal lines.<\/p>\n<p>&nbsp;<\/p>\n<p>The top, a sophisticated tray-like shelf of impeccable craftsmanship, is subtly concave, as if to collect and protect the objects on display. The storage elements are enclosed volumes that intersect with the shelves following a principle of orthogonality.<\/p>\n<p>&nbsp;<\/p>\n<p>Whether used alone or combined in modular configurations, <span class=\"s3\">Perfect Days<\/span> takes center stage in both residential and executive settings, embodying an international aesthetic language with a strong visual impact. Its refined simplicity and spatial balance allow it to seamlessly harmonize with a variety of interior styles.<\/p>\n<p>&nbsp;<\/p>\n<p>Designed also as an architectural bedside table available in multiple sizes, the nighttime version of this piece offers exceptional comfort thanks to its intrinsic qualities. It borrows from the living collection the theatricality of light\u2014not just as an aesthetic statement but also as a functional, ambient feature, providing a sense of warmth and courtesy.<\/p>\n","protected":false},"featured_media":7337,"template":"","meta":{"inline_featured_image":false},"product_cat":[266,196],"product_tag":[],"class_list":["post-6980","product","type-product","status-publish","has-post-thumbnail","hentry","product_cat-complementi-notte1","product_cat-complementi-notte"],"yoast_head":"<!-- This site is optimized with the Yoast SEO plugin v24.8.1 - https:\/\/yoast.com\/wordpress\/plugins\/seo\/ -->\n<title>Perfect Days - Conte Bed - Italian bed design<\/title>\n<meta name=\"robots\" content=\"index, follow, max-snippet:-1, max-image-preview:large, max-video-preview:-1\" \/>\n<link rel=\"canonical\" href=\"https:\/\/dev.contebed.it\/prodotto\/perfect-days-2\/\" \/>\n<meta property=\"og:locale\" content=\"en_US\" \/>\n<meta property=\"og:type\" content=\"article\" \/>\n<meta property=\"og:title\" content=\"Perfect Days - Conte Bed - Italian bed design\" \/>\n<meta property=\"og:description\" content=\"[:it]Nel recente film di Wim Wenders girato a Tokyo, il protagonista tiene libri e cassette in perfetto ordine in un mobile basso e lungo, dando alla lettura e all\u2019ascolto una ritualit\u00e0 fatta di gesti semplici e garbati. L\u2019eleganza di questa precisione sar\u00e0 fonte di benessere quotidiano e contribuir\u00e0 a rendere le giornate armoniose, come lo pu\u00f2 essere per chi sceglie questi due prodotti dagli echi giapponesi, nelle forme e nell\u2019uso.  Perfect Days \u00e8 un mobile multifunzionale concepito non solo per la zona giorno ma anche per la notte. L\u2019evoluzione del mobile giorno passa attraverso un nuovo traguardo estetico di forma e di stile modernista senza tempo, che si distingue immediatamente per le sue caratteristiche geometriche, rigorose e lineari, e per l\u2019altissimo artigianato della lavorazione in cuoio, proprio come un accessorio di alta moda, fornendo nuovi standard al concetto di esclusivit\u00e0. Questa collezione di mobili, dai volumi cavi, si esalta nelle profondit\u00e0 del reticolo dei ripiani fatto di chiaroscuri e tagli di luci evanescenti, esplicito rimando alla teatralit\u00e0 di un microcosmo architetturale caratterizzato da linee incrociate, verticali e orizzontali.  Il top, una sofisticata mensola a vassoio di pregevole fattura, \u00e8 concavo come a raccogliere e proteggere gli oggetti da esporre. Gli elementi contenitivi sono volumi chiusi che si intersecano tra le mensole secondo un principio di ortogonalit\u00e0.  Singolo o accostato in moduli, Perfect Days si pone come primo attore sulla scena domestica quanto executive, con un\u2019indubbia attitudine al linguaggio estetico internazionale, dal forte impatto, capace di armonizzarsi con svariati stili di interior grazie alla sua raffinata sobriet\u00e0 e al suo equilibrio spaziale.  Offrendosi come un comodino architetturale in pi\u00f9 dimensioni, il mobile notte \u00e8 particolarmente confortevole grazie alle sue caratteristiche intrinseche, recuperando dalla collezione giorno la teatralit\u00e0 della luce, declinata per\u00f2 non soltanto come espressione estetica, ma anche funzionale, di cortesia.[:en]In Wim Wenders\u2019 recent film set in Tokyo, the protagonist keeps books and cassettes neatly arranged in a long, low cabinet, turning reading and listening into a ritual of simple, graceful gestures. The elegance of this precision becomes a source of daily well-being, helping to create a sense of harmony throughout the day\u2014just as it can for those who choose these two pieces, inspired by Japanese aesthetics both in form and function.  &nbsp;  Perfect Days is a multifunctional piece designed not only for the living area but also for the bedroom. This evolution of the living room cabinet reaches a new aesthetic milestone in timeless modernist form and style, immediately distinguished by its geometric, rigorous, and linear features, as well as by the exquisite craftsmanship of its leather detailing\u2014akin to a high-fashion accessory\u2014setting new standards in the concept of exclusivity.  &nbsp;  This collection, defined by hollow volumes, is enhanced by the depth of its shelving grid, where chiaroscuro effects and fleeting beams of light create a striking interplay\u2014a direct reference to the theatricality of a miniature architectural microcosm, marked by intersecting vertical and horizontal lines.  &nbsp;  The top, a sophisticated tray-like shelf of impeccable craftsmanship, is subtly concave, as if to collect and protect the objects on display. The storage elements are enclosed volumes that intersect with the shelves following a principle of orthogonality.  &nbsp;  Whether used alone or combined in modular configurations, Perfect Days takes center stage in both residential and executive settings, embodying an international aesthetic language with a strong visual impact. Its refined simplicity and spatial balance allow it to seamlessly harmonize with a variety of interior styles.  &nbsp;  Designed also as an architectural bedside table available in multiple sizes, the nighttime version of this piece offers exceptional comfort thanks to its intrinsic qualities. It borrows from the living collection the theatricality of light\u2014not just as an aesthetic statement but also as a functional, ambient feature, providing a sense of warmth and courtesy.[:]\" \/>\n<meta property=\"og:url\" content=\"https:\/\/dev.contebed.it\/prodotto\/perfect-days-2\/\" \/>\n<meta property=\"og:site_name\" content=\"Conte Bed - Italian bed design\" \/>\n<meta property=\"article:modified_time\" content=\"2025-04-03T09:17:11+00:00\" \/>\n<meta property=\"og:image\" content=\"https:\/\/dev.contebed.it\/wp-content\/uploads\/2025\/01\/perfect-Days-scaled.jpg\" \/>\n\t<meta property=\"og:image:width\" content=\"2560\" \/>\n\t<meta property=\"og:image:height\" content=\"1603\" \/>\n\t<meta property=\"og:image:type\" content=\"image\/jpeg\" \/>\n<meta name=\"twitter:card\" content=\"summary_large_image\" \/>\n<meta name=\"twitter:label1\" content=\"Est. reading time\" \/>\n\t<meta name=\"twitter:data1\" content=\"4 minutes\" \/>\n<script type=\"application\/ld+json\" class=\"yoast-schema-graph\">{\"@context\":\"https:\/\/schema.org\",\"@graph\":[{\"@type\":\"WebPage\",\"@id\":\"https:\/\/dev.contebed.it\/prodotto\/perfect-days-2\/\",\"url\":\"https:\/\/dev.contebed.it\/prodotto\/perfect-days-2\/\",\"name\":\"Perfect Days - Conte Bed - Italian bed design\",\"isPartOf\":{\"@id\":\"https:\/\/dev.contebed.it\/#website\"},\"primaryImageOfPage\":{\"@id\":\"https:\/\/dev.contebed.it\/prodotto\/perfect-days-2\/#primaryimage\"},\"image\":{\"@id\":\"https:\/\/dev.contebed.it\/prodotto\/perfect-days-2\/#primaryimage\"},\"thumbnailUrl\":\"https:\/\/dev.contebed.it\/wp-content\/uploads\/2025\/01\/perfect-Days-scaled.jpg\",\"datePublished\":\"2025-01-31T16:36:48+00:00\",\"dateModified\":\"2025-04-03T09:17:11+00:00\",\"breadcrumb\":{\"@id\":\"https:\/\/dev.contebed.it\/prodotto\/perfect-days-2\/#breadcrumb\"},\"inLanguage\":\"en-US\",\"potentialAction\":[{\"@type\":\"ReadAction\",\"target\":[\"https:\/\/dev.contebed.it\/prodotto\/perfect-days-2\/\"]}]},{\"@type\":\"ImageObject\",\"inLanguage\":\"en-US\",\"@id\":\"https:\/\/dev.contebed.it\/prodotto\/perfect-days-2\/#primaryimage\",\"url\":\"https:\/\/dev.contebed.it\/wp-content\/uploads\/2025\/01\/perfect-Days-scaled.jpg\",\"contentUrl\":\"https:\/\/dev.contebed.it\/wp-content\/uploads\/2025\/01\/perfect-Days-scaled.jpg\",\"width\":2560,\"height\":1603},{\"@type\":\"BreadcrumbList\",\"@id\":\"https:\/\/dev.contebed.it\/prodotto\/perfect-days-2\/#breadcrumb\",\"itemListElement\":[{\"@type\":\"ListItem\",\"position\":1,\"name\":\"Prodotti\",\"item\":\"https:\/\/dev.contebed.it\/shop\/\"},{\"@type\":\"ListItem\",\"position\":2,\"name\":\"Perfect Days\"}]},{\"@type\":\"WebSite\",\"@id\":\"https:\/\/dev.contebed.it\/#website\",\"url\":\"https:\/\/dev.contebed.it\/\",\"name\":\"Conte Bed - Italian bed design\",\"description\":\"\",\"potentialAction\":[{\"@type\":\"SearchAction\",\"target\":{\"@type\":\"EntryPoint\",\"urlTemplate\":\"https:\/\/dev.contebed.it\/?s={search_term_string}\"},\"query-input\":{\"@type\":\"PropertyValueSpecification\",\"valueRequired\":true,\"valueName\":\"search_term_string\"}}],\"inLanguage\":\"en-US\"}]}<\/script>\n<!-- \/ Yoast SEO plugin. -->","yoast_head_json":{"title":"Perfect Days - Conte Bed - Italian bed design","robots":{"index":"index","follow":"follow","max-snippet":"max-snippet:-1","max-image-preview":"max-image-preview:large","max-video-preview":"max-video-preview:-1"},"canonical":"https:\/\/dev.contebed.it\/prodotto\/perfect-days-2\/","og_locale":"en_US","og_type":"article","og_title":"Perfect Days - Conte Bed - Italian bed design","og_description":"[:it]Nel recente film di Wim Wenders girato a Tokyo, il protagonista tiene libri e cassette in perfetto ordine in un mobile basso e lungo, dando alla lettura e all\u2019ascolto una ritualit\u00e0 fatta di gesti semplici e garbati. L\u2019eleganza di questa precisione sar\u00e0 fonte di benessere quotidiano e contribuir\u00e0 a rendere le giornate armoniose, come lo pu\u00f2 essere per chi sceglie questi due prodotti dagli echi giapponesi, nelle forme e nell\u2019uso.  Perfect Days \u00e8 un mobile multifunzionale concepito non solo per la zona giorno ma anche per la notte. L\u2019evoluzione del mobile giorno passa attraverso un nuovo traguardo estetico di forma e di stile modernista senza tempo, che si distingue immediatamente per le sue caratteristiche geometriche, rigorose e lineari, e per l\u2019altissimo artigianato della lavorazione in cuoio, proprio come un accessorio di alta moda, fornendo nuovi standard al concetto di esclusivit\u00e0. Questa collezione di mobili, dai volumi cavi, si esalta nelle profondit\u00e0 del reticolo dei ripiani fatto di chiaroscuri e tagli di luci evanescenti, esplicito rimando alla teatralit\u00e0 di un microcosmo architetturale caratterizzato da linee incrociate, verticali e orizzontali.  Il top, una sofisticata mensola a vassoio di pregevole fattura, \u00e8 concavo come a raccogliere e proteggere gli oggetti da esporre. Gli elementi contenitivi sono volumi chiusi che si intersecano tra le mensole secondo un principio di ortogonalit\u00e0.  Singolo o accostato in moduli, Perfect Days si pone come primo attore sulla scena domestica quanto executive, con un\u2019indubbia attitudine al linguaggio estetico internazionale, dal forte impatto, capace di armonizzarsi con svariati stili di interior grazie alla sua raffinata sobriet\u00e0 e al suo equilibrio spaziale.  Offrendosi come un comodino architetturale in pi\u00f9 dimensioni, il mobile notte \u00e8 particolarmente confortevole grazie alle sue caratteristiche intrinseche, recuperando dalla collezione giorno la teatralit\u00e0 della luce, declinata per\u00f2 non soltanto come espressione estetica, ma anche funzionale, di cortesia.[:en]In Wim Wenders\u2019 recent film set in Tokyo, the protagonist keeps books and cassettes neatly arranged in a long, low cabinet, turning reading and listening into a ritual of simple, graceful gestures. The elegance of this precision becomes a source of daily well-being, helping to create a sense of harmony throughout the day\u2014just as it can for those who choose these two pieces, inspired by Japanese aesthetics both in form and function.  &nbsp;  Perfect Days is a multifunctional piece designed not only for the living area but also for the bedroom. This evolution of the living room cabinet reaches a new aesthetic milestone in timeless modernist form and style, immediately distinguished by its geometric, rigorous, and linear features, as well as by the exquisite craftsmanship of its leather detailing\u2014akin to a high-fashion accessory\u2014setting new standards in the concept of exclusivity.  &nbsp;  This collection, defined by hollow volumes, is enhanced by the depth of its shelving grid, where chiaroscuro effects and fleeting beams of light create a striking interplay\u2014a direct reference to the theatricality of a miniature architectural microcosm, marked by intersecting vertical and horizontal lines.  &nbsp;  The top, a sophisticated tray-like shelf of impeccable craftsmanship, is subtly concave, as if to collect and protect the objects on display. The storage elements are enclosed volumes that intersect with the shelves following a principle of orthogonality.  &nbsp;  Whether used alone or combined in modular configurations, Perfect Days takes center stage in both residential and executive settings, embodying an international aesthetic language with a strong visual impact. Its refined simplicity and spatial balance allow it to seamlessly harmonize with a variety of interior styles.  &nbsp;  Designed also as an architectural bedside table available in multiple sizes, the nighttime version of this piece offers exceptional comfort thanks to its intrinsic qualities. It borrows from the living collection the theatricality of light\u2014not just as an aesthetic statement but also as a functional, ambient feature, providing a sense of warmth and courtesy.[:]","og_url":"https:\/\/dev.contebed.it\/prodotto\/perfect-days-2\/","og_site_name":"Conte Bed - Italian bed design","article_modified_time":"2025-04-03T09:17:11+00:00","og_image":[{"width":2560,"height":1603,"url":"https:\/\/dev.contebed.it\/wp-content\/uploads\/2025\/01\/perfect-Days-scaled.jpg","type":"image\/jpeg"}],"twitter_card":"summary_large_image","twitter_misc":{"Est. reading time":"4 minutes"},"schema":{"@context":"https:\/\/schema.org","@graph":[{"@type":"WebPage","@id":"https:\/\/dev.contebed.it\/prodotto\/perfect-days-2\/","url":"https:\/\/dev.contebed.it\/prodotto\/perfect-days-2\/","name":"Perfect Days - Conte Bed - Italian bed design","isPartOf":{"@id":"https:\/\/dev.contebed.it\/#website"},"primaryImageOfPage":{"@id":"https:\/\/dev.contebed.it\/prodotto\/perfect-days-2\/#primaryimage"},"image":{"@id":"https:\/\/dev.contebed.it\/prodotto\/perfect-days-2\/#primaryimage"},"thumbnailUrl":"https:\/\/dev.contebed.it\/wp-content\/uploads\/2025\/01\/perfect-Days-scaled.jpg","datePublished":"2025-01-31T16:36:48+00:00","dateModified":"2025-04-03T09:17:11+00:00","breadcrumb":{"@id":"https:\/\/dev.contebed.it\/prodotto\/perfect-days-2\/#breadcrumb"},"inLanguage":"en-US","potentialAction":[{"@type":"ReadAction","target":["https:\/\/dev.contebed.it\/prodotto\/perfect-days-2\/"]}]},{"@type":"ImageObject","inLanguage":"en-US","@id":"https:\/\/dev.contebed.it\/prodotto\/perfect-days-2\/#primaryimage","url":"https:\/\/dev.contebed.it\/wp-content\/uploads\/2025\/01\/perfect-Days-scaled.jpg","contentUrl":"https:\/\/dev.contebed.it\/wp-content\/uploads\/2025\/01\/perfect-Days-scaled.jpg","width":2560,"height":1603},{"@type":"BreadcrumbList","@id":"https:\/\/dev.contebed.it\/prodotto\/perfect-days-2\/#breadcrumb","itemListElement":[{"@type":"ListItem","position":1,"name":"Prodotti","item":"https:\/\/dev.contebed.it\/shop\/"},{"@type":"ListItem","position":2,"name":"Perfect Days"}]},{"@type":"WebSite","@id":"https:\/\/dev.contebed.it\/#website","url":"https:\/\/dev.contebed.it\/","name":"Conte Bed - Italian bed design","description":"","potentialAction":[{"@type":"SearchAction","target":{"@type":"EntryPoint","urlTemplate":"https:\/\/dev.contebed.it\/?s={search_term_string}"},"query-input":{"@type":"PropertyValueSpecification","valueRequired":true,"valueName":"search_term_string"}}],"inLanguage":"en-US"}]}},"_links":{"self":[{"href":"https:\/\/dev.contebed.it\/en\/wp-json\/wp\/v2\/product\/6980","targetHints":{"allow":["GET"]}}],"collection":[{"href":"https:\/\/dev.contebed.it\/en\/wp-json\/wp\/v2\/product"}],"about":[{"href":"https:\/\/dev.contebed.it\/en\/wp-json\/wp\/v2\/types\/product"}],"wp:featuredmedia":[{"embeddable":true,"href":"https:\/\/dev.contebed.it\/en\/wp-json\/wp\/v2\/media\/7337"}],"wp:attachment":[{"href":"https:\/\/dev.contebed.it\/en\/wp-json\/wp\/v2\/media?parent=6980"}],"wp:term":[{"taxonomy":"product_cat","embeddable":true,"href":"https:\/\/dev.contebed.it\/en\/wp-json\/wp\/v2\/product_cat?post=6980"},{"taxonomy":"product_tag","embeddable":true,"href":"https:\/\/dev.contebed.it\/en\/wp-json\/wp\/v2\/product_tag?post=6980"}],"curies":[{"name":"wp","href":"https:\/\/api.w.org\/{rel}","templated":true}]}}