

{"id":5873,"date":"2025-02-15T14:28:38","date_gmt":"2025-02-15T14:28:38","guid":{"rendered":"https:\/\/dev.contebed.it\/?post_type=product&#038;p=5873"},"modified":"2025-03-21T08:44:32","modified_gmt":"2025-03-21T08:44:32","slug":"desk-cubik","status":"publish","type":"product","link":"https:\/\/dev.contebed.it\/en\/prodotto\/desk-cubik\/","title":{"rendered":"CUBIK"},"content":{"rendered":"","protected":false},"excerpt":{"rendered":"<p>The Cubik writing desk, designed by architect Joe Garzone, is conceived to offer versatility both in contract settings and residential environments as a work desk. The structure is characterized by a wooden surface with 45-degree cuts, veneered in ash or Canaletto walnut, or lacquered wood. This is paired with a self-moving three-drawer chest, available in various size configurations.<\/p>\n","protected":false},"featured_media":6584,"template":"","meta":{"inline_featured_image":false},"product_cat":[269],"product_tag":[],"class_list":["post-5873","product","type-product","status-publish","has-post-thumbnail","hentry","product_cat-desk"],"yoast_head":"<!-- This site is optimized with the Yoast SEO plugin v24.8.1 - https:\/\/yoast.com\/wordpress\/plugins\/seo\/ -->\n<title>CUBIK - Conte Bed - Italian bed design<\/title>\n<meta name=\"robots\" content=\"index, follow, max-snippet:-1, max-image-preview:large, max-video-preview:-1\" \/>\n<link rel=\"canonical\" href=\"https:\/\/dev.contebed.it\/prodotto\/desk-cubik\/\" \/>\n<meta property=\"og:locale\" content=\"en_US\" \/>\n<meta property=\"og:type\" content=\"article\" \/>\n<meta property=\"og:title\" content=\"CUBIK - Conte Bed - Italian bed design\" \/>\n<meta property=\"og:description\" content=\"[:it]Lo scrittoio Cubik disegnato dall\u2019architetto Joe Garzone \u00e8 pensato per avere una versatilit\u00e0 sia in ambito contract sia residenziale come scrivania da lavoro. La struttura \u00e8 caratterizzata da un piano in legno con tagli a 45 gradi impiallacciato in frassino o in noce canaletto o in legno laccato. Il tutto in abbinamento ad una cassettiera a 3 cassetti semovente con diverse configurazioni di misura. [:en]The Cubik writing desk, designed by architect Joe Garzone, is conceived to offer versatility both in contract settings and residential environments as a work desk. The structure is characterized by a wooden surface with 45-degree cuts, veneered in ash or Canaletto walnut, or lacquered wood. This is paired with a self-moving three-drawer chest, available in various size configurations.[:]\" \/>\n<meta property=\"og:url\" content=\"https:\/\/dev.contebed.it\/prodotto\/desk-cubik\/\" \/>\n<meta property=\"og:site_name\" content=\"Conte Bed - Italian bed design\" \/>\n<meta property=\"article:modified_time\" content=\"2025-03-21T08:44:32+00:00\" \/>\n<meta property=\"og:image\" content=\"https:\/\/dev.contebed.it\/wp-content\/uploads\/2023\/11\/Cubik-1.jpg\" \/>\n\t<meta property=\"og:image:width\" content=\"2083\" \/>\n\t<meta property=\"og:image:height\" content=\"2560\" \/>\n\t<meta property=\"og:image:type\" content=\"image\/jpeg\" \/>\n<meta name=\"twitter:card\" content=\"summary_large_image\" \/>\n<script type=\"application\/ld+json\" class=\"yoast-schema-graph\">{\"@context\":\"https:\/\/schema.org\",\"@graph\":[{\"@type\":\"WebPage\",\"@id\":\"https:\/\/dev.contebed.it\/prodotto\/desk-cubik\/\",\"url\":\"https:\/\/dev.contebed.it\/prodotto\/desk-cubik\/\",\"name\":\"CUBIK - Conte Bed - Italian bed design\",\"isPartOf\":{\"@id\":\"https:\/\/dev.contebed.it\/#website\"},\"primaryImageOfPage\":{\"@id\":\"https:\/\/dev.contebed.it\/prodotto\/desk-cubik\/#primaryimage\"},\"image\":{\"@id\":\"https:\/\/dev.contebed.it\/prodotto\/desk-cubik\/#primaryimage\"},\"thumbnailUrl\":\"https:\/\/dev.contebed.it\/wp-content\/uploads\/2023\/11\/Cubik-1.jpg\",\"datePublished\":\"2025-02-15T14:28:38+00:00\",\"dateModified\":\"2025-03-21T08:44:32+00:00\",\"breadcrumb\":{\"@id\":\"https:\/\/dev.contebed.it\/prodotto\/desk-cubik\/#breadcrumb\"},\"inLanguage\":\"en-US\",\"potentialAction\":[{\"@type\":\"ReadAction\",\"target\":[\"https:\/\/dev.contebed.it\/prodotto\/desk-cubik\/\"]}]},{\"@type\":\"ImageObject\",\"inLanguage\":\"en-US\",\"@id\":\"https:\/\/dev.contebed.it\/prodotto\/desk-cubik\/#primaryimage\",\"url\":\"https:\/\/dev.contebed.it\/wp-content\/uploads\/2023\/11\/Cubik-1.jpg\",\"contentUrl\":\"https:\/\/dev.contebed.it\/wp-content\/uploads\/2023\/11\/Cubik-1.jpg\",\"width\":2083,\"height\":2560},{\"@type\":\"BreadcrumbList\",\"@id\":\"https:\/\/dev.contebed.it\/prodotto\/desk-cubik\/#breadcrumb\",\"itemListElement\":[{\"@type\":\"ListItem\",\"position\":1,\"name\":\"Prodotti\",\"item\":\"https:\/\/dev.contebed.it\/shop\/\"},{\"@type\":\"ListItem\",\"position\":2,\"name\":\"CUBIK\"}]},{\"@type\":\"WebSite\",\"@id\":\"https:\/\/dev.contebed.it\/#website\",\"url\":\"https:\/\/dev.contebed.it\/\",\"name\":\"Conte Bed - Italian bed design\",\"description\":\"\",\"potentialAction\":[{\"@type\":\"SearchAction\",\"target\":{\"@type\":\"EntryPoint\",\"urlTemplate\":\"https:\/\/dev.contebed.it\/?s={search_term_string}\"},\"query-input\":{\"@type\":\"PropertyValueSpecification\",\"valueRequired\":true,\"valueName\":\"search_term_string\"}}],\"inLanguage\":\"en-US\"}]}<\/script>\n<!-- \/ Yoast SEO plugin. -->","yoast_head_json":{"title":"CUBIK - Conte Bed - Italian bed design","robots":{"index":"index","follow":"follow","max-snippet":"max-snippet:-1","max-image-preview":"max-image-preview:large","max-video-preview":"max-video-preview:-1"},"canonical":"https:\/\/dev.contebed.it\/prodotto\/desk-cubik\/","og_locale":"en_US","og_type":"article","og_title":"CUBIK - Conte Bed - Italian bed design","og_description":"[:it]Lo scrittoio Cubik disegnato dall\u2019architetto Joe Garzone \u00e8 pensato per avere una versatilit\u00e0 sia in ambito contract sia residenziale come scrivania da lavoro. La struttura \u00e8 caratterizzata da un piano in legno con tagli a 45 gradi impiallacciato in frassino o in noce canaletto o in legno laccato. Il tutto in abbinamento ad una cassettiera a 3 cassetti semovente con diverse configurazioni di misura. [:en]The Cubik writing desk, designed by architect Joe Garzone, is conceived to offer versatility both in contract settings and residential environments as a work desk. The structure is characterized by a wooden surface with 45-degree cuts, veneered in ash or Canaletto walnut, or lacquered wood. This is paired with a self-moving three-drawer chest, available in various size configurations.[:]","og_url":"https:\/\/dev.contebed.it\/prodotto\/desk-cubik\/","og_site_name":"Conte Bed - Italian bed design","article_modified_time":"2025-03-21T08:44:32+00:00","og_image":[{"width":2083,"height":2560,"url":"https:\/\/dev.contebed.it\/wp-content\/uploads\/2023\/11\/Cubik-1.jpg","type":"image\/jpeg"}],"twitter_card":"summary_large_image","schema":{"@context":"https:\/\/schema.org","@graph":[{"@type":"WebPage","@id":"https:\/\/dev.contebed.it\/prodotto\/desk-cubik\/","url":"https:\/\/dev.contebed.it\/prodotto\/desk-cubik\/","name":"CUBIK - Conte Bed - Italian bed design","isPartOf":{"@id":"https:\/\/dev.contebed.it\/#website"},"primaryImageOfPage":{"@id":"https:\/\/dev.contebed.it\/prodotto\/desk-cubik\/#primaryimage"},"image":{"@id":"https:\/\/dev.contebed.it\/prodotto\/desk-cubik\/#primaryimage"},"thumbnailUrl":"https:\/\/dev.contebed.it\/wp-content\/uploads\/2023\/11\/Cubik-1.jpg","datePublished":"2025-02-15T14:28:38+00:00","dateModified":"2025-03-21T08:44:32+00:00","breadcrumb":{"@id":"https:\/\/dev.contebed.it\/prodotto\/desk-cubik\/#breadcrumb"},"inLanguage":"en-US","potentialAction":[{"@type":"ReadAction","target":["https:\/\/dev.contebed.it\/prodotto\/desk-cubik\/"]}]},{"@type":"ImageObject","inLanguage":"en-US","@id":"https:\/\/dev.contebed.it\/prodotto\/desk-cubik\/#primaryimage","url":"https:\/\/dev.contebed.it\/wp-content\/uploads\/2023\/11\/Cubik-1.jpg","contentUrl":"https:\/\/dev.contebed.it\/wp-content\/uploads\/2023\/11\/Cubik-1.jpg","width":2083,"height":2560},{"@type":"BreadcrumbList","@id":"https:\/\/dev.contebed.it\/prodotto\/desk-cubik\/#breadcrumb","itemListElement":[{"@type":"ListItem","position":1,"name":"Prodotti","item":"https:\/\/dev.contebed.it\/shop\/"},{"@type":"ListItem","position":2,"name":"CUBIK"}]},{"@type":"WebSite","@id":"https:\/\/dev.contebed.it\/#website","url":"https:\/\/dev.contebed.it\/","name":"Conte Bed - Italian bed design","description":"","potentialAction":[{"@type":"SearchAction","target":{"@type":"EntryPoint","urlTemplate":"https:\/\/dev.contebed.it\/?s={search_term_string}"},"query-input":{"@type":"PropertyValueSpecification","valueRequired":true,"valueName":"search_term_string"}}],"inLanguage":"en-US"}]}},"_links":{"self":[{"href":"https:\/\/dev.contebed.it\/en\/wp-json\/wp\/v2\/product\/5873","targetHints":{"allow":["GET"]}}],"collection":[{"href":"https:\/\/dev.contebed.it\/en\/wp-json\/wp\/v2\/product"}],"about":[{"href":"https:\/\/dev.contebed.it\/en\/wp-json\/wp\/v2\/types\/product"}],"wp:featuredmedia":[{"embeddable":true,"href":"https:\/\/dev.contebed.it\/en\/wp-json\/wp\/v2\/media\/6584"}],"wp:attachment":[{"href":"https:\/\/dev.contebed.it\/en\/wp-json\/wp\/v2\/media?parent=5873"}],"wp:term":[{"taxonomy":"product_cat","embeddable":true,"href":"https:\/\/dev.contebed.it\/en\/wp-json\/wp\/v2\/product_cat?post=5873"},{"taxonomy":"product_tag","embeddable":true,"href":"https:\/\/dev.contebed.it\/en\/wp-json\/wp\/v2\/product_tag?post=5873"}],"curies":[{"name":"wp","href":"https:\/\/api.w.org\/{rel}","templated":true}]}}