

{"id":5803,"date":"2023-11-12T07:06:46","date_gmt":"2023-11-12T07:06:46","guid":{"rendered":"https:\/\/dev.contebed.it\/?post_type=product&#038;p=5803"},"modified":"2025-05-06T16:08:23","modified_gmt":"2025-05-06T16:08:23","slug":"panca-vincent","status":"publish","type":"product","link":"https:\/\/dev.contebed.it\/en\/prodotto\/panca-vincent\/","title":{"rendered":"VINCENT"},"content":{"rendered":"","protected":false},"excerpt":{"rendered":"<p>The Vincent bench, designed by Dainelli Studio, draws its shape inspiration from the 1950s. The combination of multiple materials used makes the Vincent bench one of the most captivating products in the Conte line, offering an exceptionally high level of customization and attention to detail.<\/p>\n","protected":false},"featured_media":7475,"template":"","meta":{"inline_featured_image":false},"product_cat":[198],"product_tag":[],"class_list":["post-5803","product","type-product","status-publish","has-post-thumbnail","hentry","product_cat-pouf-panche"],"yoast_head":"<!-- This site is optimized with the Yoast SEO plugin v24.8.1 - https:\/\/yoast.com\/wordpress\/plugins\/seo\/ -->\n<title>VINCENT - Conte Bed - Italian bed design<\/title>\n<meta name=\"robots\" content=\"index, follow, max-snippet:-1, max-image-preview:large, max-video-preview:-1\" \/>\n<link rel=\"canonical\" href=\"https:\/\/dev.contebed.it\/prodotto\/panca-vincent\/\" \/>\n<meta property=\"og:locale\" content=\"en_US\" \/>\n<meta property=\"og:type\" content=\"article\" \/>\n<meta property=\"og:title\" content=\"VINCENT - Conte Bed - Italian bed design\" \/>\n<meta property=\"og:description\" content=\"[:it]La Panca Vincent, disegnata da Dainelli Studio \u00e8 ispirata nelle sue forme agli anni 50. Il connubio di pi\u00f9 materiali utilizzati rende la panca Vincent uno dei prodotti pi\u00f9 accattivanti della linea Conte con un altissimo livello di personalizzazione e cura del dettaglio.[:en]The Vincent bench, designed by Dainelli Studio, draws its shape inspiration from the 1950s. The combination of multiple materials used makes the Vincent bench one of the most captivating products in the Conte line, offering an exceptionally high level of customization and attention to detail.[:]\" \/>\n<meta property=\"og:url\" content=\"https:\/\/dev.contebed.it\/prodotto\/panca-vincent\/\" \/>\n<meta property=\"og:site_name\" content=\"Conte Bed - Italian bed design\" \/>\n<meta property=\"article:modified_time\" content=\"2025-05-06T16:08:23+00:00\" \/>\n<meta property=\"og:image\" content=\"https:\/\/dev.contebed.it\/wp-content\/uploads\/2023\/11\/Vincent-Wood-2-1.jpg\" \/>\n\t<meta property=\"og:image:width\" content=\"2560\" \/>\n\t<meta property=\"og:image:height\" content=\"1440\" \/>\n\t<meta property=\"og:image:type\" content=\"image\/jpeg\" \/>\n<meta name=\"twitter:card\" content=\"summary_large_image\" \/>\n<meta name=\"twitter:label1\" content=\"Est. reading time\" \/>\n\t<meta name=\"twitter:data1\" content=\"1 minute\" \/>\n<script type=\"application\/ld+json\" class=\"yoast-schema-graph\">{\"@context\":\"https:\/\/schema.org\",\"@graph\":[{\"@type\":\"WebPage\",\"@id\":\"https:\/\/dev.contebed.it\/prodotto\/panca-vincent\/\",\"url\":\"https:\/\/dev.contebed.it\/prodotto\/panca-vincent\/\",\"name\":\"VINCENT - Conte Bed - Italian bed design\",\"isPartOf\":{\"@id\":\"https:\/\/dev.contebed.it\/#website\"},\"primaryImageOfPage\":{\"@id\":\"https:\/\/dev.contebed.it\/prodotto\/panca-vincent\/#primaryimage\"},\"image\":{\"@id\":\"https:\/\/dev.contebed.it\/prodotto\/panca-vincent\/#primaryimage\"},\"thumbnailUrl\":\"https:\/\/dev.contebed.it\/wp-content\/uploads\/2023\/11\/Vincent-Wood-2-1.jpg\",\"datePublished\":\"2023-11-12T07:06:46+00:00\",\"dateModified\":\"2025-05-06T16:08:23+00:00\",\"breadcrumb\":{\"@id\":\"https:\/\/dev.contebed.it\/prodotto\/panca-vincent\/#breadcrumb\"},\"inLanguage\":\"en-US\",\"potentialAction\":[{\"@type\":\"ReadAction\",\"target\":[\"https:\/\/dev.contebed.it\/prodotto\/panca-vincent\/\"]}]},{\"@type\":\"ImageObject\",\"inLanguage\":\"en-US\",\"@id\":\"https:\/\/dev.contebed.it\/prodotto\/panca-vincent\/#primaryimage\",\"url\":\"https:\/\/dev.contebed.it\/wp-content\/uploads\/2023\/11\/Vincent-Wood-2-1.jpg\",\"contentUrl\":\"https:\/\/dev.contebed.it\/wp-content\/uploads\/2023\/11\/Vincent-Wood-2-1.jpg\",\"width\":2560,\"height\":1440},{\"@type\":\"BreadcrumbList\",\"@id\":\"https:\/\/dev.contebed.it\/prodotto\/panca-vincent\/#breadcrumb\",\"itemListElement\":[{\"@type\":\"ListItem\",\"position\":1,\"name\":\"Prodotti\",\"item\":\"https:\/\/dev.contebed.it\/shop\/\"},{\"@type\":\"ListItem\",\"position\":2,\"name\":\"VINCENT\"}]},{\"@type\":\"WebSite\",\"@id\":\"https:\/\/dev.contebed.it\/#website\",\"url\":\"https:\/\/dev.contebed.it\/\",\"name\":\"Conte Bed - Italian bed design\",\"description\":\"\",\"potentialAction\":[{\"@type\":\"SearchAction\",\"target\":{\"@type\":\"EntryPoint\",\"urlTemplate\":\"https:\/\/dev.contebed.it\/?s={search_term_string}\"},\"query-input\":{\"@type\":\"PropertyValueSpecification\",\"valueRequired\":true,\"valueName\":\"search_term_string\"}}],\"inLanguage\":\"en-US\"}]}<\/script>\n<!-- \/ Yoast SEO plugin. -->","yoast_head_json":{"title":"VINCENT - Conte Bed - Italian bed design","robots":{"index":"index","follow":"follow","max-snippet":"max-snippet:-1","max-image-preview":"max-image-preview:large","max-video-preview":"max-video-preview:-1"},"canonical":"https:\/\/dev.contebed.it\/prodotto\/panca-vincent\/","og_locale":"en_US","og_type":"article","og_title":"VINCENT - Conte Bed - Italian bed design","og_description":"[:it]La Panca Vincent, disegnata da Dainelli Studio \u00e8 ispirata nelle sue forme agli anni 50. Il connubio di pi\u00f9 materiali utilizzati rende la panca Vincent uno dei prodotti pi\u00f9 accattivanti della linea Conte con un altissimo livello di personalizzazione e cura del dettaglio.[:en]The Vincent bench, designed by Dainelli Studio, draws its shape inspiration from the 1950s. The combination of multiple materials used makes the Vincent bench one of the most captivating products in the Conte line, offering an exceptionally high level of customization and attention to detail.[:]","og_url":"https:\/\/dev.contebed.it\/prodotto\/panca-vincent\/","og_site_name":"Conte Bed - Italian bed design","article_modified_time":"2025-05-06T16:08:23+00:00","og_image":[{"width":2560,"height":1440,"url":"https:\/\/dev.contebed.it\/wp-content\/uploads\/2023\/11\/Vincent-Wood-2-1.jpg","type":"image\/jpeg"}],"twitter_card":"summary_large_image","twitter_misc":{"Est. reading time":"1 minute"},"schema":{"@context":"https:\/\/schema.org","@graph":[{"@type":"WebPage","@id":"https:\/\/dev.contebed.it\/prodotto\/panca-vincent\/","url":"https:\/\/dev.contebed.it\/prodotto\/panca-vincent\/","name":"VINCENT - Conte Bed - Italian bed design","isPartOf":{"@id":"https:\/\/dev.contebed.it\/#website"},"primaryImageOfPage":{"@id":"https:\/\/dev.contebed.it\/prodotto\/panca-vincent\/#primaryimage"},"image":{"@id":"https:\/\/dev.contebed.it\/prodotto\/panca-vincent\/#primaryimage"},"thumbnailUrl":"https:\/\/dev.contebed.it\/wp-content\/uploads\/2023\/11\/Vincent-Wood-2-1.jpg","datePublished":"2023-11-12T07:06:46+00:00","dateModified":"2025-05-06T16:08:23+00:00","breadcrumb":{"@id":"https:\/\/dev.contebed.it\/prodotto\/panca-vincent\/#breadcrumb"},"inLanguage":"en-US","potentialAction":[{"@type":"ReadAction","target":["https:\/\/dev.contebed.it\/prodotto\/panca-vincent\/"]}]},{"@type":"ImageObject","inLanguage":"en-US","@id":"https:\/\/dev.contebed.it\/prodotto\/panca-vincent\/#primaryimage","url":"https:\/\/dev.contebed.it\/wp-content\/uploads\/2023\/11\/Vincent-Wood-2-1.jpg","contentUrl":"https:\/\/dev.contebed.it\/wp-content\/uploads\/2023\/11\/Vincent-Wood-2-1.jpg","width":2560,"height":1440},{"@type":"BreadcrumbList","@id":"https:\/\/dev.contebed.it\/prodotto\/panca-vincent\/#breadcrumb","itemListElement":[{"@type":"ListItem","position":1,"name":"Prodotti","item":"https:\/\/dev.contebed.it\/shop\/"},{"@type":"ListItem","position":2,"name":"VINCENT"}]},{"@type":"WebSite","@id":"https:\/\/dev.contebed.it\/#website","url":"https:\/\/dev.contebed.it\/","name":"Conte Bed - Italian bed design","description":"","potentialAction":[{"@type":"SearchAction","target":{"@type":"EntryPoint","urlTemplate":"https:\/\/dev.contebed.it\/?s={search_term_string}"},"query-input":{"@type":"PropertyValueSpecification","valueRequired":true,"valueName":"search_term_string"}}],"inLanguage":"en-US"}]}},"_links":{"self":[{"href":"https:\/\/dev.contebed.it\/en\/wp-json\/wp\/v2\/product\/5803","targetHints":{"allow":["GET"]}}],"collection":[{"href":"https:\/\/dev.contebed.it\/en\/wp-json\/wp\/v2\/product"}],"about":[{"href":"https:\/\/dev.contebed.it\/en\/wp-json\/wp\/v2\/types\/product"}],"wp:featuredmedia":[{"embeddable":true,"href":"https:\/\/dev.contebed.it\/en\/wp-json\/wp\/v2\/media\/7475"}],"wp:attachment":[{"href":"https:\/\/dev.contebed.it\/en\/wp-json\/wp\/v2\/media?parent=5803"}],"wp:term":[{"taxonomy":"product_cat","embeddable":true,"href":"https:\/\/dev.contebed.it\/en\/wp-json\/wp\/v2\/product_cat?post=5803"},{"taxonomy":"product_tag","embeddable":true,"href":"https:\/\/dev.contebed.it\/en\/wp-json\/wp\/v2\/product_tag?post=5803"}],"curies":[{"name":"wp","href":"https:\/\/api.w.org\/{rel}","templated":true}]}}