

{"id":5679,"date":"2023-11-11T16:59:18","date_gmt":"2023-11-11T16:59:18","guid":{"rendered":"https:\/\/dev.contebed.it\/?post_type=product&#038;p=5679"},"modified":"2025-03-21T08:31:06","modified_gmt":"2025-03-21T08:31:06","slug":"arredo-manhattan","status":"publish","type":"product","link":"https:\/\/dev.contebed.it\/en\/prodotto\/arredo-manhattan\/","title":{"rendered":"Manhattan"},"content":{"rendered":"","protected":false},"excerpt":{"rendered":"<p>The Manhattan collection, inspired by the architectural allure of the skyscrapers in the namesake New York district, boasts a commanding structure crafted entirely from solid wood, enhanced by grooves that, with an impeccable 45-degree cut, provide access to the drawers. Its top, exquisitely chiseled from marble, gracefully encircles the entire perimeter, adding a touch of luxury to its inherent character. The piece can be tailored through the selection of various wood grains and choices of marble tops, thus offering bespoke customization fitting for the most discerning tastes and exclusive settings.<\/p>\n","protected":false},"featured_media":6493,"template":"","meta":{"inline_featured_image":false},"product_cat":[196],"product_tag":[],"class_list":["post-5679","product","type-product","status-publish","has-post-thumbnail","hentry","product_cat-complementi-notte"],"yoast_head":"<!-- This site is optimized with the Yoast SEO plugin v24.8.1 - https:\/\/yoast.com\/wordpress\/plugins\/seo\/ -->\n<title>Manhattan - Conte Bed - Italian bed design<\/title>\n<meta name=\"robots\" content=\"index, follow, max-snippet:-1, max-image-preview:large, max-video-preview:-1\" \/>\n<link rel=\"canonical\" href=\"https:\/\/dev.contebed.it\/prodotto\/arredo-manhattan\/\" \/>\n<meta property=\"og:locale\" content=\"en_US\" \/>\n<meta property=\"og:type\" content=\"article\" \/>\n<meta property=\"og:title\" content=\"Manhattan - Conte Bed - Italian bed design\" \/>\n<meta property=\"og:description\" content=\"[:it]La collezione Manhattan, ispirata all&#039;incanto architettonico dei grattacieli dell&#039;omonimo distretto newyorkese, si presenta con una struttura possente interamente plasmata dal legno massello, arricchita da gole che, con un taglio impeccabile a 45 gradi, conferiscono accesso ai cassetti.\u200e Il suo piano, elegantemente cesellato dal marmo, abbraccia con raffinatezza l&#039;intero perimetro, aggiungendo un tocco di lusso al suo carattere intrinseco.\u200e L&#039;opera pu\u00f2 essere plasmata attraverso la selezione di diverse essenze di legno e la scelta di piani in marmo, conferendo cos\u00ec una personalizzazione su misura che si adatti ai gusti e agli ambienti pi\u00f9 esclusivi.\u200e[:en]The Manhattan collection, inspired by the architectural allure of the skyscrapers in the namesake New York district, boasts a commanding structure crafted entirely from solid wood, enhanced by grooves that, with an impeccable 45-degree cut, provide access to the drawers. Its top, exquisitely chiseled from marble, gracefully encircles the entire perimeter, adding a touch of luxury to its inherent character. The piece can be tailored through the selection of various wood grains and choices of marble tops, thus offering bespoke customization fitting for the most discerning tastes and exclusive settings.[:]\" \/>\n<meta property=\"og:url\" content=\"https:\/\/dev.contebed.it\/prodotto\/arredo-manhattan\/\" \/>\n<meta property=\"og:site_name\" content=\"Conte Bed - Italian bed design\" \/>\n<meta property=\"article:modified_time\" content=\"2025-03-21T08:31:06+00:00\" \/>\n<meta property=\"og:image\" content=\"https:\/\/dev.contebed.it\/wp-content\/uploads\/2023\/11\/manhattan-1.jpg\" \/>\n\t<meta property=\"og:image:width\" content=\"2560\" \/>\n\t<meta property=\"og:image:height\" content=\"1441\" \/>\n\t<meta property=\"og:image:type\" content=\"image\/jpeg\" \/>\n<meta name=\"twitter:card\" content=\"summary_large_image\" \/>\n<script type=\"application\/ld+json\" class=\"yoast-schema-graph\">{\"@context\":\"https:\/\/schema.org\",\"@graph\":[{\"@type\":\"WebPage\",\"@id\":\"https:\/\/dev.contebed.it\/prodotto\/arredo-manhattan\/\",\"url\":\"https:\/\/dev.contebed.it\/prodotto\/arredo-manhattan\/\",\"name\":\"Manhattan - Conte Bed - Italian bed design\",\"isPartOf\":{\"@id\":\"https:\/\/dev.contebed.it\/#website\"},\"primaryImageOfPage\":{\"@id\":\"https:\/\/dev.contebed.it\/prodotto\/arredo-manhattan\/#primaryimage\"},\"image\":{\"@id\":\"https:\/\/dev.contebed.it\/prodotto\/arredo-manhattan\/#primaryimage\"},\"thumbnailUrl\":\"https:\/\/dev.contebed.it\/wp-content\/uploads\/2023\/11\/manhattan-1.jpg\",\"datePublished\":\"2023-11-11T16:59:18+00:00\",\"dateModified\":\"2025-03-21T08:31:06+00:00\",\"breadcrumb\":{\"@id\":\"https:\/\/dev.contebed.it\/prodotto\/arredo-manhattan\/#breadcrumb\"},\"inLanguage\":\"en-US\",\"potentialAction\":[{\"@type\":\"ReadAction\",\"target\":[\"https:\/\/dev.contebed.it\/prodotto\/arredo-manhattan\/\"]}]},{\"@type\":\"ImageObject\",\"inLanguage\":\"en-US\",\"@id\":\"https:\/\/dev.contebed.it\/prodotto\/arredo-manhattan\/#primaryimage\",\"url\":\"https:\/\/dev.contebed.it\/wp-content\/uploads\/2023\/11\/manhattan-1.jpg\",\"contentUrl\":\"https:\/\/dev.contebed.it\/wp-content\/uploads\/2023\/11\/manhattan-1.jpg\",\"width\":2560,\"height\":1441},{\"@type\":\"BreadcrumbList\",\"@id\":\"https:\/\/dev.contebed.it\/prodotto\/arredo-manhattan\/#breadcrumb\",\"itemListElement\":[{\"@type\":\"ListItem\",\"position\":1,\"name\":\"Prodotti\",\"item\":\"https:\/\/dev.contebed.it\/shop\/\"},{\"@type\":\"ListItem\",\"position\":2,\"name\":\"Manhattan\"}]},{\"@type\":\"WebSite\",\"@id\":\"https:\/\/dev.contebed.it\/#website\",\"url\":\"https:\/\/dev.contebed.it\/\",\"name\":\"Conte Bed - Italian bed design\",\"description\":\"\",\"potentialAction\":[{\"@type\":\"SearchAction\",\"target\":{\"@type\":\"EntryPoint\",\"urlTemplate\":\"https:\/\/dev.contebed.it\/?s={search_term_string}\"},\"query-input\":{\"@type\":\"PropertyValueSpecification\",\"valueRequired\":true,\"valueName\":\"search_term_string\"}}],\"inLanguage\":\"en-US\"}]}<\/script>\n<!-- \/ Yoast SEO plugin. -->","yoast_head_json":{"title":"Manhattan - Conte Bed - Italian bed design","robots":{"index":"index","follow":"follow","max-snippet":"max-snippet:-1","max-image-preview":"max-image-preview:large","max-video-preview":"max-video-preview:-1"},"canonical":"https:\/\/dev.contebed.it\/prodotto\/arredo-manhattan\/","og_locale":"en_US","og_type":"article","og_title":"Manhattan - Conte Bed - Italian bed design","og_description":"[:it]La collezione Manhattan, ispirata all'incanto architettonico dei grattacieli dell'omonimo distretto newyorkese, si presenta con una struttura possente interamente plasmata dal legno massello, arricchita da gole che, con un taglio impeccabile a 45 gradi, conferiscono accesso ai cassetti.\u200e Il suo piano, elegantemente cesellato dal marmo, abbraccia con raffinatezza l'intero perimetro, aggiungendo un tocco di lusso al suo carattere intrinseco.\u200e L'opera pu\u00f2 essere plasmata attraverso la selezione di diverse essenze di legno e la scelta di piani in marmo, conferendo cos\u00ec una personalizzazione su misura che si adatti ai gusti e agli ambienti pi\u00f9 esclusivi.\u200e[:en]The Manhattan collection, inspired by the architectural allure of the skyscrapers in the namesake New York district, boasts a commanding structure crafted entirely from solid wood, enhanced by grooves that, with an impeccable 45-degree cut, provide access to the drawers. Its top, exquisitely chiseled from marble, gracefully encircles the entire perimeter, adding a touch of luxury to its inherent character. The piece can be tailored through the selection of various wood grains and choices of marble tops, thus offering bespoke customization fitting for the most discerning tastes and exclusive settings.[:]","og_url":"https:\/\/dev.contebed.it\/prodotto\/arredo-manhattan\/","og_site_name":"Conte Bed - Italian bed design","article_modified_time":"2025-03-21T08:31:06+00:00","og_image":[{"width":2560,"height":1441,"url":"https:\/\/dev.contebed.it\/wp-content\/uploads\/2023\/11\/manhattan-1.jpg","type":"image\/jpeg"}],"twitter_card":"summary_large_image","schema":{"@context":"https:\/\/schema.org","@graph":[{"@type":"WebPage","@id":"https:\/\/dev.contebed.it\/prodotto\/arredo-manhattan\/","url":"https:\/\/dev.contebed.it\/prodotto\/arredo-manhattan\/","name":"Manhattan - Conte Bed - Italian bed design","isPartOf":{"@id":"https:\/\/dev.contebed.it\/#website"},"primaryImageOfPage":{"@id":"https:\/\/dev.contebed.it\/prodotto\/arredo-manhattan\/#primaryimage"},"image":{"@id":"https:\/\/dev.contebed.it\/prodotto\/arredo-manhattan\/#primaryimage"},"thumbnailUrl":"https:\/\/dev.contebed.it\/wp-content\/uploads\/2023\/11\/manhattan-1.jpg","datePublished":"2023-11-11T16:59:18+00:00","dateModified":"2025-03-21T08:31:06+00:00","breadcrumb":{"@id":"https:\/\/dev.contebed.it\/prodotto\/arredo-manhattan\/#breadcrumb"},"inLanguage":"en-US","potentialAction":[{"@type":"ReadAction","target":["https:\/\/dev.contebed.it\/prodotto\/arredo-manhattan\/"]}]},{"@type":"ImageObject","inLanguage":"en-US","@id":"https:\/\/dev.contebed.it\/prodotto\/arredo-manhattan\/#primaryimage","url":"https:\/\/dev.contebed.it\/wp-content\/uploads\/2023\/11\/manhattan-1.jpg","contentUrl":"https:\/\/dev.contebed.it\/wp-content\/uploads\/2023\/11\/manhattan-1.jpg","width":2560,"height":1441},{"@type":"BreadcrumbList","@id":"https:\/\/dev.contebed.it\/prodotto\/arredo-manhattan\/#breadcrumb","itemListElement":[{"@type":"ListItem","position":1,"name":"Prodotti","item":"https:\/\/dev.contebed.it\/shop\/"},{"@type":"ListItem","position":2,"name":"Manhattan"}]},{"@type":"WebSite","@id":"https:\/\/dev.contebed.it\/#website","url":"https:\/\/dev.contebed.it\/","name":"Conte Bed - Italian bed design","description":"","potentialAction":[{"@type":"SearchAction","target":{"@type":"EntryPoint","urlTemplate":"https:\/\/dev.contebed.it\/?s={search_term_string}"},"query-input":{"@type":"PropertyValueSpecification","valueRequired":true,"valueName":"search_term_string"}}],"inLanguage":"en-US"}]}},"_links":{"self":[{"href":"https:\/\/dev.contebed.it\/en\/wp-json\/wp\/v2\/product\/5679","targetHints":{"allow":["GET"]}}],"collection":[{"href":"https:\/\/dev.contebed.it\/en\/wp-json\/wp\/v2\/product"}],"about":[{"href":"https:\/\/dev.contebed.it\/en\/wp-json\/wp\/v2\/types\/product"}],"wp:featuredmedia":[{"embeddable":true,"href":"https:\/\/dev.contebed.it\/en\/wp-json\/wp\/v2\/media\/6493"}],"wp:attachment":[{"href":"https:\/\/dev.contebed.it\/en\/wp-json\/wp\/v2\/media?parent=5679"}],"wp:term":[{"taxonomy":"product_cat","embeddable":true,"href":"https:\/\/dev.contebed.it\/en\/wp-json\/wp\/v2\/product_cat?post=5679"},{"taxonomy":"product_tag","embeddable":true,"href":"https:\/\/dev.contebed.it\/en\/wp-json\/wp\/v2\/product_tag?post=5679"}],"curies":[{"name":"wp","href":"https:\/\/api.w.org\/{rel}","templated":true}]}}