

{"id":5148,"date":"2024-11-19T09:54:30","date_gmt":"2024-11-19T09:54:30","guid":{"rendered":"https:\/\/dev.contebed.it\/?post_type=product&#038;p=5148"},"modified":"2025-03-21T09:33:12","modified_gmt":"2025-03-21T09:33:12","slug":"suite","status":"publish","type":"product","link":"https:\/\/dev.contebed.it\/en\/prodotto\/suite\/","title":{"rendered":"Suite"},"content":{"rendered":"","protected":false},"excerpt":{"rendered":"<p>Designed by designer Giovanni Pesce, the SUITE bed with its important proportions and the enveloping headboard becomes the protagonist of the bedroom. In the headboard there are incorporated marble tables in different finishes and lamps for a mix of elegance and functionality. The structure is in Brown or Bronzed Brass painted metal and is quilted and upholstered in leather or fabric. The SUITE bed is available in the version with H.15 bed frame with foot or in the version with container bed frame.<\/p>\n","protected":false},"featured_media":6518,"template":"","meta":{"inline_featured_image":false},"product_cat":[42],"product_tag":[],"class_list":["post-5148","product","type-product","status-publish","has-post-thumbnail","hentry","product_cat-letti"],"yoast_head":"<!-- This site is optimized with the Yoast SEO plugin v24.8.1 - https:\/\/yoast.com\/wordpress\/plugins\/seo\/ -->\n<title>Suite - Conte Bed - Italian bed design<\/title>\n<meta name=\"robots\" content=\"index, follow, max-snippet:-1, max-image-preview:large, max-video-preview:-1\" \/>\n<link rel=\"canonical\" href=\"https:\/\/dev.contebed.it\/prodotto\/suite\/\" \/>\n<meta property=\"og:locale\" content=\"en_US\" \/>\n<meta property=\"og:type\" content=\"article\" \/>\n<meta property=\"og:title\" content=\"Suite - Conte Bed - Italian bed design\" \/>\n<meta property=\"og:description\" content=\"[:it]Progettato dal designer Giovanni Pesce, il letto SUITE con le sue proporzioni importanti e la testata avvolgente diventa il protagonista della camera da letto. Nella spalliera sono incorporati tavolini in marmo in diverse finiture e lampade per un mix di eleganza e funzionalit\u00e0. La struttura \u00e8 in metallo verniciato Brown o Ottone Brunito ed \u00e8 trapuntata e rivestita in pelle o tessuto. Il letto SUITE \u00e8 disponibile nella versione con giroletto H.15 con piede e nella versione con giroletto contenitore.[:en]Designed by designer Giovanni Pesce, the SUITE bed with its important proportions and the enveloping headboard becomes the protagonist of the bedroom. In the headboard there are incorporated marble tables in different finishes and lamps for a mix of elegance and functionality. The structure is in Brown or Bronzed Brass painted metal and is quilted and upholstered in leather or fabric. The SUITE bed is available in the version with H.15 bed frame with foot or in the version with container bed frame. [:]\" \/>\n<meta property=\"og:url\" content=\"https:\/\/dev.contebed.it\/prodotto\/suite\/\" \/>\n<meta property=\"og:site_name\" content=\"Conte Bed - Italian bed design\" \/>\n<meta property=\"article:modified_time\" content=\"2025-03-21T09:33:12+00:00\" \/>\n<meta property=\"og:image\" content=\"https:\/\/dev.contebed.it\/wp-content\/uploads\/2019\/01\/suite.jpg\" \/>\n\t<meta property=\"og:image:width\" content=\"2560\" \/>\n\t<meta property=\"og:image:height\" content=\"1441\" \/>\n\t<meta property=\"og:image:type\" content=\"image\/jpeg\" \/>\n<meta name=\"twitter:card\" content=\"summary_large_image\" \/>\n<script type=\"application\/ld+json\" class=\"yoast-schema-graph\">{\"@context\":\"https:\/\/schema.org\",\"@graph\":[{\"@type\":\"WebPage\",\"@id\":\"https:\/\/dev.contebed.it\/prodotto\/suite\/\",\"url\":\"https:\/\/dev.contebed.it\/prodotto\/suite\/\",\"name\":\"Suite - Conte Bed - Italian bed design\",\"isPartOf\":{\"@id\":\"https:\/\/dev.contebed.it\/#website\"},\"primaryImageOfPage\":{\"@id\":\"https:\/\/dev.contebed.it\/prodotto\/suite\/#primaryimage\"},\"image\":{\"@id\":\"https:\/\/dev.contebed.it\/prodotto\/suite\/#primaryimage\"},\"thumbnailUrl\":\"https:\/\/dev.contebed.it\/wp-content\/uploads\/2019\/01\/suite.jpg\",\"datePublished\":\"2024-11-19T09:54:30+00:00\",\"dateModified\":\"2025-03-21T09:33:12+00:00\",\"breadcrumb\":{\"@id\":\"https:\/\/dev.contebed.it\/prodotto\/suite\/#breadcrumb\"},\"inLanguage\":\"en-US\",\"potentialAction\":[{\"@type\":\"ReadAction\",\"target\":[\"https:\/\/dev.contebed.it\/prodotto\/suite\/\"]}]},{\"@type\":\"ImageObject\",\"inLanguage\":\"en-US\",\"@id\":\"https:\/\/dev.contebed.it\/prodotto\/suite\/#primaryimage\",\"url\":\"https:\/\/dev.contebed.it\/wp-content\/uploads\/2019\/01\/suite.jpg\",\"contentUrl\":\"https:\/\/dev.contebed.it\/wp-content\/uploads\/2019\/01\/suite.jpg\",\"width\":2560,\"height\":1441},{\"@type\":\"BreadcrumbList\",\"@id\":\"https:\/\/dev.contebed.it\/prodotto\/suite\/#breadcrumb\",\"itemListElement\":[{\"@type\":\"ListItem\",\"position\":1,\"name\":\"Prodotti\",\"item\":\"https:\/\/dev.contebed.it\/shop\/\"},{\"@type\":\"ListItem\",\"position\":2,\"name\":\"Suite\"}]},{\"@type\":\"WebSite\",\"@id\":\"https:\/\/dev.contebed.it\/#website\",\"url\":\"https:\/\/dev.contebed.it\/\",\"name\":\"Conte Bed - Italian bed design\",\"description\":\"\",\"potentialAction\":[{\"@type\":\"SearchAction\",\"target\":{\"@type\":\"EntryPoint\",\"urlTemplate\":\"https:\/\/dev.contebed.it\/?s={search_term_string}\"},\"query-input\":{\"@type\":\"PropertyValueSpecification\",\"valueRequired\":true,\"valueName\":\"search_term_string\"}}],\"inLanguage\":\"en-US\"}]}<\/script>\n<!-- \/ Yoast SEO plugin. -->","yoast_head_json":{"title":"Suite - Conte Bed - Italian bed design","robots":{"index":"index","follow":"follow","max-snippet":"max-snippet:-1","max-image-preview":"max-image-preview:large","max-video-preview":"max-video-preview:-1"},"canonical":"https:\/\/dev.contebed.it\/prodotto\/suite\/","og_locale":"en_US","og_type":"article","og_title":"Suite - Conte Bed - Italian bed design","og_description":"[:it]Progettato dal designer Giovanni Pesce, il letto SUITE con le sue proporzioni importanti e la testata avvolgente diventa il protagonista della camera da letto. Nella spalliera sono incorporati tavolini in marmo in diverse finiture e lampade per un mix di eleganza e funzionalit\u00e0. La struttura \u00e8 in metallo verniciato Brown o Ottone Brunito ed \u00e8 trapuntata e rivestita in pelle o tessuto. Il letto SUITE \u00e8 disponibile nella versione con giroletto H.15 con piede e nella versione con giroletto contenitore.[:en]Designed by designer Giovanni Pesce, the SUITE bed with its important proportions and the enveloping headboard becomes the protagonist of the bedroom. In the headboard there are incorporated marble tables in different finishes and lamps for a mix of elegance and functionality. The structure is in Brown or Bronzed Brass painted metal and is quilted and upholstered in leather or fabric. The SUITE bed is available in the version with H.15 bed frame with foot or in the version with container bed frame. [:]","og_url":"https:\/\/dev.contebed.it\/prodotto\/suite\/","og_site_name":"Conte Bed - Italian bed design","article_modified_time":"2025-03-21T09:33:12+00:00","og_image":[{"width":2560,"height":1441,"url":"https:\/\/dev.contebed.it\/wp-content\/uploads\/2019\/01\/suite.jpg","type":"image\/jpeg"}],"twitter_card":"summary_large_image","schema":{"@context":"https:\/\/schema.org","@graph":[{"@type":"WebPage","@id":"https:\/\/dev.contebed.it\/prodotto\/suite\/","url":"https:\/\/dev.contebed.it\/prodotto\/suite\/","name":"Suite - Conte Bed - Italian bed design","isPartOf":{"@id":"https:\/\/dev.contebed.it\/#website"},"primaryImageOfPage":{"@id":"https:\/\/dev.contebed.it\/prodotto\/suite\/#primaryimage"},"image":{"@id":"https:\/\/dev.contebed.it\/prodotto\/suite\/#primaryimage"},"thumbnailUrl":"https:\/\/dev.contebed.it\/wp-content\/uploads\/2019\/01\/suite.jpg","datePublished":"2024-11-19T09:54:30+00:00","dateModified":"2025-03-21T09:33:12+00:00","breadcrumb":{"@id":"https:\/\/dev.contebed.it\/prodotto\/suite\/#breadcrumb"},"inLanguage":"en-US","potentialAction":[{"@type":"ReadAction","target":["https:\/\/dev.contebed.it\/prodotto\/suite\/"]}]},{"@type":"ImageObject","inLanguage":"en-US","@id":"https:\/\/dev.contebed.it\/prodotto\/suite\/#primaryimage","url":"https:\/\/dev.contebed.it\/wp-content\/uploads\/2019\/01\/suite.jpg","contentUrl":"https:\/\/dev.contebed.it\/wp-content\/uploads\/2019\/01\/suite.jpg","width":2560,"height":1441},{"@type":"BreadcrumbList","@id":"https:\/\/dev.contebed.it\/prodotto\/suite\/#breadcrumb","itemListElement":[{"@type":"ListItem","position":1,"name":"Prodotti","item":"https:\/\/dev.contebed.it\/shop\/"},{"@type":"ListItem","position":2,"name":"Suite"}]},{"@type":"WebSite","@id":"https:\/\/dev.contebed.it\/#website","url":"https:\/\/dev.contebed.it\/","name":"Conte Bed - Italian bed design","description":"","potentialAction":[{"@type":"SearchAction","target":{"@type":"EntryPoint","urlTemplate":"https:\/\/dev.contebed.it\/?s={search_term_string}"},"query-input":{"@type":"PropertyValueSpecification","valueRequired":true,"valueName":"search_term_string"}}],"inLanguage":"en-US"}]}},"_links":{"self":[{"href":"https:\/\/dev.contebed.it\/en\/wp-json\/wp\/v2\/product\/5148","targetHints":{"allow":["GET"]}}],"collection":[{"href":"https:\/\/dev.contebed.it\/en\/wp-json\/wp\/v2\/product"}],"about":[{"href":"https:\/\/dev.contebed.it\/en\/wp-json\/wp\/v2\/types\/product"}],"wp:featuredmedia":[{"embeddable":true,"href":"https:\/\/dev.contebed.it\/en\/wp-json\/wp\/v2\/media\/6518"}],"wp:attachment":[{"href":"https:\/\/dev.contebed.it\/en\/wp-json\/wp\/v2\/media?parent=5148"}],"wp:term":[{"taxonomy":"product_cat","embeddable":true,"href":"https:\/\/dev.contebed.it\/en\/wp-json\/wp\/v2\/product_cat?post=5148"},{"taxonomy":"product_tag","embeddable":true,"href":"https:\/\/dev.contebed.it\/en\/wp-json\/wp\/v2\/product_tag?post=5148"}],"curies":[{"name":"wp","href":"https:\/\/api.w.org\/{rel}","templated":true}]}}