

{"id":3268,"date":"2015-06-10T15:43:42","date_gmt":"2015-06-10T15:43:42","guid":{"rendered":"https:\/\/dev.contebed.it\/?post_type=product&#038;p=3268"},"modified":"2025-03-21T09:27:25","modified_gmt":"2025-03-21T09:27:25","slug":"ivonne-2","status":"publish","type":"product","link":"https:\/\/dev.contebed.it\/en\/prodotto\/ivonne-2\/","title":{"rendered":"Ivonne"},"content":{"rendered":"","protected":false},"excerpt":{"rendered":"<p>The IVONNE ROYAL bed has an important headboard with the precious capitonn\u00e9 style, which makes it one of the most elegant in the range. The IVONNE model is also available in the version with a narrower shoulder for smaller spaces.<\/p>\n","protected":false},"featured_media":6509,"template":"","meta":{"inline_featured_image":false},"product_cat":[42],"product_tag":[],"class_list":["post-3268","product","type-product","status-publish","has-post-thumbnail","hentry","product_cat-letti"],"yoast_head":"<!-- This site is optimized with the Yoast SEO plugin v24.8.1 - https:\/\/yoast.com\/wordpress\/plugins\/seo\/ -->\n<title>Ivonne - Conte Bed - Italian bed design<\/title>\n<meta name=\"robots\" content=\"index, follow, max-snippet:-1, max-image-preview:large, max-video-preview:-1\" \/>\n<link rel=\"canonical\" href=\"https:\/\/dev.contebed.it\/prodotto\/ivonne-2\/\" \/>\n<meta property=\"og:locale\" content=\"en_US\" \/>\n<meta property=\"og:type\" content=\"article\" \/>\n<meta property=\"og:title\" content=\"Ivonne - Conte Bed - Italian bed design\" \/>\n<meta property=\"og:description\" content=\"[:it]Il letto IVONNE ROYAL presenta una importante testiera con la preziosa lavorazione capitonn\u00e9. Rendendo il letto uno dei pi\u00f9 eleganti della gamma. Il modello IVONNE \u00e8 disponibile anche nella versione con spalla pi\u00f9 stretta per ambienti pi\u00f9 contenuti.[:en]The IVONNE ROYAL bed has an important headboard with the precious capitonn\u00e9 style, which makes it one of the most elegant in the range. The IVONNE model is also available in the version with a narrower shoulder for smaller spaces.[:]\" \/>\n<meta property=\"og:url\" content=\"https:\/\/dev.contebed.it\/prodotto\/ivonne-2\/\" \/>\n<meta property=\"og:site_name\" content=\"Conte Bed - Italian bed design\" \/>\n<meta property=\"article:modified_time\" content=\"2025-03-21T09:27:25+00:00\" \/>\n<meta property=\"og:image\" content=\"https:\/\/dev.contebed.it\/wp-content\/uploads\/2018\/02\/ivonne.jpg\" \/>\n\t<meta property=\"og:image:width\" content=\"2560\" \/>\n\t<meta property=\"og:image:height\" content=\"1441\" \/>\n\t<meta property=\"og:image:type\" content=\"image\/jpeg\" \/>\n<meta name=\"twitter:card\" content=\"summary_large_image\" \/>\n<script type=\"application\/ld+json\" class=\"yoast-schema-graph\">{\"@context\":\"https:\/\/schema.org\",\"@graph\":[{\"@type\":\"WebPage\",\"@id\":\"https:\/\/dev.contebed.it\/prodotto\/ivonne-2\/\",\"url\":\"https:\/\/dev.contebed.it\/prodotto\/ivonne-2\/\",\"name\":\"Ivonne - Conte Bed - Italian bed design\",\"isPartOf\":{\"@id\":\"https:\/\/dev.contebed.it\/#website\"},\"primaryImageOfPage\":{\"@id\":\"https:\/\/dev.contebed.it\/prodotto\/ivonne-2\/#primaryimage\"},\"image\":{\"@id\":\"https:\/\/dev.contebed.it\/prodotto\/ivonne-2\/#primaryimage\"},\"thumbnailUrl\":\"https:\/\/dev.contebed.it\/wp-content\/uploads\/2018\/02\/ivonne.jpg\",\"datePublished\":\"2015-06-10T15:43:42+00:00\",\"dateModified\":\"2025-03-21T09:27:25+00:00\",\"breadcrumb\":{\"@id\":\"https:\/\/dev.contebed.it\/prodotto\/ivonne-2\/#breadcrumb\"},\"inLanguage\":\"en-US\",\"potentialAction\":[{\"@type\":\"ReadAction\",\"target\":[\"https:\/\/dev.contebed.it\/prodotto\/ivonne-2\/\"]}]},{\"@type\":\"ImageObject\",\"inLanguage\":\"en-US\",\"@id\":\"https:\/\/dev.contebed.it\/prodotto\/ivonne-2\/#primaryimage\",\"url\":\"https:\/\/dev.contebed.it\/wp-content\/uploads\/2018\/02\/ivonne.jpg\",\"contentUrl\":\"https:\/\/dev.contebed.it\/wp-content\/uploads\/2018\/02\/ivonne.jpg\",\"width\":2560,\"height\":1441},{\"@type\":\"BreadcrumbList\",\"@id\":\"https:\/\/dev.contebed.it\/prodotto\/ivonne-2\/#breadcrumb\",\"itemListElement\":[{\"@type\":\"ListItem\",\"position\":1,\"name\":\"Prodotti\",\"item\":\"https:\/\/dev.contebed.it\/shop\/\"},{\"@type\":\"ListItem\",\"position\":2,\"name\":\"Ivonne\"}]},{\"@type\":\"WebSite\",\"@id\":\"https:\/\/dev.contebed.it\/#website\",\"url\":\"https:\/\/dev.contebed.it\/\",\"name\":\"Conte Bed - Italian bed design\",\"description\":\"\",\"potentialAction\":[{\"@type\":\"SearchAction\",\"target\":{\"@type\":\"EntryPoint\",\"urlTemplate\":\"https:\/\/dev.contebed.it\/?s={search_term_string}\"},\"query-input\":{\"@type\":\"PropertyValueSpecification\",\"valueRequired\":true,\"valueName\":\"search_term_string\"}}],\"inLanguage\":\"en-US\"}]}<\/script>\n<!-- \/ Yoast SEO plugin. -->","yoast_head_json":{"title":"Ivonne - Conte Bed - Italian bed design","robots":{"index":"index","follow":"follow","max-snippet":"max-snippet:-1","max-image-preview":"max-image-preview:large","max-video-preview":"max-video-preview:-1"},"canonical":"https:\/\/dev.contebed.it\/prodotto\/ivonne-2\/","og_locale":"en_US","og_type":"article","og_title":"Ivonne - Conte Bed - Italian bed design","og_description":"[:it]Il letto IVONNE ROYAL presenta una importante testiera con la preziosa lavorazione capitonn\u00e9. Rendendo il letto uno dei pi\u00f9 eleganti della gamma. Il modello IVONNE \u00e8 disponibile anche nella versione con spalla pi\u00f9 stretta per ambienti pi\u00f9 contenuti.[:en]The IVONNE ROYAL bed has an important headboard with the precious capitonn\u00e9 style, which makes it one of the most elegant in the range. The IVONNE model is also available in the version with a narrower shoulder for smaller spaces.[:]","og_url":"https:\/\/dev.contebed.it\/prodotto\/ivonne-2\/","og_site_name":"Conte Bed - Italian bed design","article_modified_time":"2025-03-21T09:27:25+00:00","og_image":[{"width":2560,"height":1441,"url":"https:\/\/dev.contebed.it\/wp-content\/uploads\/2018\/02\/ivonne.jpg","type":"image\/jpeg"}],"twitter_card":"summary_large_image","schema":{"@context":"https:\/\/schema.org","@graph":[{"@type":"WebPage","@id":"https:\/\/dev.contebed.it\/prodotto\/ivonne-2\/","url":"https:\/\/dev.contebed.it\/prodotto\/ivonne-2\/","name":"Ivonne - Conte Bed - Italian bed design","isPartOf":{"@id":"https:\/\/dev.contebed.it\/#website"},"primaryImageOfPage":{"@id":"https:\/\/dev.contebed.it\/prodotto\/ivonne-2\/#primaryimage"},"image":{"@id":"https:\/\/dev.contebed.it\/prodotto\/ivonne-2\/#primaryimage"},"thumbnailUrl":"https:\/\/dev.contebed.it\/wp-content\/uploads\/2018\/02\/ivonne.jpg","datePublished":"2015-06-10T15:43:42+00:00","dateModified":"2025-03-21T09:27:25+00:00","breadcrumb":{"@id":"https:\/\/dev.contebed.it\/prodotto\/ivonne-2\/#breadcrumb"},"inLanguage":"en-US","potentialAction":[{"@type":"ReadAction","target":["https:\/\/dev.contebed.it\/prodotto\/ivonne-2\/"]}]},{"@type":"ImageObject","inLanguage":"en-US","@id":"https:\/\/dev.contebed.it\/prodotto\/ivonne-2\/#primaryimage","url":"https:\/\/dev.contebed.it\/wp-content\/uploads\/2018\/02\/ivonne.jpg","contentUrl":"https:\/\/dev.contebed.it\/wp-content\/uploads\/2018\/02\/ivonne.jpg","width":2560,"height":1441},{"@type":"BreadcrumbList","@id":"https:\/\/dev.contebed.it\/prodotto\/ivonne-2\/#breadcrumb","itemListElement":[{"@type":"ListItem","position":1,"name":"Prodotti","item":"https:\/\/dev.contebed.it\/shop\/"},{"@type":"ListItem","position":2,"name":"Ivonne"}]},{"@type":"WebSite","@id":"https:\/\/dev.contebed.it\/#website","url":"https:\/\/dev.contebed.it\/","name":"Conte Bed - Italian bed design","description":"","potentialAction":[{"@type":"SearchAction","target":{"@type":"EntryPoint","urlTemplate":"https:\/\/dev.contebed.it\/?s={search_term_string}"},"query-input":{"@type":"PropertyValueSpecification","valueRequired":true,"valueName":"search_term_string"}}],"inLanguage":"en-US"}]}},"_links":{"self":[{"href":"https:\/\/dev.contebed.it\/en\/wp-json\/wp\/v2\/product\/3268","targetHints":{"allow":["GET"]}}],"collection":[{"href":"https:\/\/dev.contebed.it\/en\/wp-json\/wp\/v2\/product"}],"about":[{"href":"https:\/\/dev.contebed.it\/en\/wp-json\/wp\/v2\/types\/product"}],"wp:featuredmedia":[{"embeddable":true,"href":"https:\/\/dev.contebed.it\/en\/wp-json\/wp\/v2\/media\/6509"}],"wp:attachment":[{"href":"https:\/\/dev.contebed.it\/en\/wp-json\/wp\/v2\/media?parent=3268"}],"wp:term":[{"taxonomy":"product_cat","embeddable":true,"href":"https:\/\/dev.contebed.it\/en\/wp-json\/wp\/v2\/product_cat?post=3268"},{"taxonomy":"product_tag","embeddable":true,"href":"https:\/\/dev.contebed.it\/en\/wp-json\/wp\/v2\/product_tag?post=3268"}],"curies":[{"name":"wp","href":"https:\/\/api.w.org\/{rel}","templated":true}]}}